{"id":5926,"date":"2024-09-11T09:25:38","date_gmt":"2024-09-11T07:25:38","guid":{"rendered":"https:\/\/lindeboom.nl\/standorte\/"},"modified":"2025-05-30T14:57:06","modified_gmt":"2025-05-30T12:57:06","slug":"standorte","status":"publish","type":"page","link":"https:\/\/lindeboom.nl\/de\/standorte\/","title":{"rendered":"Standorte"},"content":{"rendered":"\t\t<div data-elementor-type=\"wp-page\" data-elementor-id=\"5926\" class=\"elementor elementor-5926 elementor-4199\" data-elementor-post-type=\"page\">\n\t\t\t\t<div class=\"elementor-element elementor-element-6ebb479 e-flex e-con-boxed e-con e-parent\" data-id=\"6ebb479\" data-element_type=\"container\" data-e-type=\"container\">\n\t\t\t\t\t<div class=\"e-con-inner\">\n\t\t\t\t\t<\/div>\n\t\t\t\t<\/div>\n\t\t<div class=\"elementor-element elementor-element-49c43b5 e-flex e-con-boxed e-con e-parent\" data-id=\"49c43b5\" data-element_type=\"container\" data-e-type=\"container\">\n\t\t\t\t\t<div class=\"e-con-inner\">\n\t\t\t\t<div class=\"elementor-element elementor-element-b2d6de7 elementor-widget elementor-widget-heading\" data-id=\"b2d6de7\" data-element_type=\"widget\" data-e-type=\"widget\" data-widget_type=\"heading.default\">\n\t\t\t\t<div class=\"elementor-widget-container\">\n\t\t\t\t\t<h2 class=\"elementor-heading-title elementor-size-default\">Entdecken Sie unsere Verkaufsstellen<\/h2>\t\t\t\t<\/div>\n\t\t\t\t<\/div>\n\t\t\t\t<div class=\"elementor-element elementor-element-de00252 elementor-widget elementor-widget-text-editor\" data-id=\"de00252\" data-element_type=\"widget\" data-e-type=\"widget\" data-widget_type=\"text-editor.default\">\n\t\t\t\t<div class=\"elementor-widget-container\">\n\t\t\t\t\t\t\t\t\t<p>Unsere Biere sind n\u00e4her als Sie denken! Finden Sie ganz einfach einen Supermarkt oder ein Spirituosengesch\u00e4ft in Ihrer N\u00e4he und holen Sie sich noch heute Ihre Lieblingsbiere von Lindeboom. Geben Sie Ihre Postleitzahl ein und finden Sie heraus, wo Sie unsere Biere kaufen k\u00f6nnen.  <\/p>\t\t\t\t\t\t\t\t<\/div>\n\t\t\t\t<\/div>\n\t\t\t\t\t<\/div>\n\t\t\t\t<\/div>\n\t\t<div class=\"elementor-element elementor-element-7fe7b70 e-flex e-con-boxed e-con e-parent\" data-id=\"7fe7b70\" data-element_type=\"container\" data-e-type=\"container\">\n\t\t\t\t\t<div class=\"e-con-inner\">\n\t\t\t\t<div class=\"elementor-element elementor-element-4525f2f elementor-widget elementor-widget-shortcode\" data-id=\"4525f2f\" data-element_type=\"widget\" data-e-type=\"widget\" data-widget_type=\"shortcode.default\">\n\t\t\t\t<div class=\"elementor-widget-container\">\n\t\t\t\t\t\t\t<div class=\"elementor-shortcode\"><style type=\"text\/css\">\n  body #asl-storelocator.asl-cont.asl-template-0 {--sl-font-size: 13px;--sl-title-size: 15px;--sl-btn-size: 13px;--sl-primary: #5E9C00;--sl-header: #F7F7F7;--sl-header-color: #32373c;--sl-infobox-color: #555d66;--sl-infobox-bg: #FFFFFF;--sl-infobox-a: #5E9C00;--sl-action-btn-color: #FFFFFF;--sl-action-btn-bg: #5E9C00;--sl-color: #555d66;--sl-list-bg: #FFFFFF;--sl-list-title: #32373c;--sl-list-sub-title: #6a6a6a;--sl-highlighted: #F7F7F7;}.asl-cont .sl-direction,.asl-cont .s-direction, .asl-buttons .directions {display: none !important;}.asl-p-cont .asl-print-btn,.asl-cont .asl-print-btn {display: none !important;}  .asl-cont .onoffswitch .onoffswitch-label .onoffswitch-switch:before {content: \"Offen\" !important;}\n  .asl-cont .onoffswitch .onoffswitch-label .onoffswitch-switch:after {content: \"ALLE\" !important;}\n  @media (max-width: 767px) {\n    #asl-storelocator.asl-cont .asl-panel {order: 0;}\n  }\n  .asl-cont.sl-search-only .Filter_section + .sl-row {display: none;}\n  .asl-cont .sl-hide-branches,\n  .asl-cont .sl-hide-branches:hover {color: #FFF !important; text-decoration: none !important;cursor: pointer;}\n<\/style>\n<div id=\"asl-storelocator\" class=\"storelocator-main asl-cont asl-template-0 asl-layout-0 asl-bg-0 map-full  asl-text-0\">\n  <div class=\"asl-wrapper\">\n    <div class=\"sl-container\">\n             \n      <div class=\"sl-row Filter_section\">\n          <div class=\"pol-lg-4 pol-md-5 pol-sm-12 search_filter\">\n              <label class=\"mb-2\" for=\"auto-complete-search\">Locatie<\/label>\n              <div class=\"sl-search-group d-flex\">\n                <input type=\"text\" value=\"\" data-submit=\"disable\" id=\"auto-complete-search\" placeholder=\"Locatie invoeren\"  class=\"asl-search-address form-control isp_ignore\">\n                <button aria-label=\"Verkaufsstelle suchen\" title=\"Verkaufsstelle suchen\" type=\"button\" class=\"span-geo\"><i class=\"icon-search\"><\/i><\/button>\n              <\/div>\n          <\/div>\n          <div class=\"pol-lg-8 pol-md-7 pol-sm-12\">\n            <div class=\"sl-row\">\n              <div class=\"pol-sm-12 asl-advance-filters hide\">\n                <div class=\"sl-row\">\n                                                      <div class=\"pol-lg-4 pol-md-6 pol-sm-12  asl-ddl-filters asl-ddl-filter-cats\">\n                      <div class=\"asl-filter-cntrl\">\n                        <label class=\"asl-cntrl-lbl\" for=\"asl-categories\">Kategorie<\/label>\n                        <div class=\"sl-dropdown-cont\" id=\"categories_filter\">\n                        <\/div>\n                      <\/div>\n                  <\/div>\n                                                                        <div class=\"pol-lg-4 pol-md-6 pol-sm-12 range_filter asl-ddl-filters hide\">\n                    <div class=\"rangeFilter asl-filter-cntrl\">\n                      <label for=\"asl-radius-slide\" class=\"asl-cntrl-lbl\">Umgebung<\/label>\n                      <input id=\"asl-radius-slide\" type=\"text\" class=\"span2\" \/>\n                      <span class=\"rad-unit\">Radius: <span id=\"asl-radius-input\"><\/span> <span id=\"asl-dist-unit\">Kilometers<\/span><\/span>\n                    <\/div>\n                  <\/div>\n                  <div class=\"pol-lg-2 pol-md-3 pol-sm-12 Status_filter\">\n                    <div class=\"asl-filter-cntrl\">\n                      <label class=\"asl-cntrl-lbl\">Status<\/label>\n                      <div class=\"onoffswitch\">\n                        <input type=\"checkbox\" name=\"onoffswitch\" class=\"onoffswitch-checkbox\" id=\"asl-open-close\" checked>\n                        <label aria-label=\"Opened Stores\" title=\"Opened Stores\" class=\"onoffswitch-label\" for=\"asl-open-close\">\n                            <span class=\"onoffswitch-inner\"><\/span>\n                            <span class=\"onoffswitch-switch\"><\/span>\n                        <\/label>\n                      <\/div>\n                    <\/div>\n                  <\/div>\n                <\/div>\n              <\/div>\n            <\/div>\n          <\/div>\n      <\/div>\n            <div class=\"sl-row\">\n        <div class=\"pol-12\">\n            <div class=\"sl-main-cont\">\n                <div class=\"sl-row no-gutters sl-main-row\">\n                    <div id=\"asl-panel\" class=\"asl-panel pol-md-5 pol-lg-4 asl_locator-panel\">\n                        <div class=\"asl-overlay\" id=\"map-loading\">\n                            <div class=\"white\"><\/div>\n                            <div class=\"sl-loading\">\n                              <i class=\"animate-sl-spin icon-spin3\"><\/i>\n                              Laden...                            <\/div>\n                        <\/div>\n                                                <!-- list -->\n                        <div class=\"asl-panel-inner\">\n                            <div class=\"top-title Num_of_store\">\n                              <span><span class=\"sl-head-title\">Number Of Shops<\/span>: <span class=\"count-result\">0<\/span><\/span>\n                                                              <a class=\"asl-print-btn\"><span>PRINT<\/span><span class=\"asl-print\"><\/span><\/a>\n                                                          <\/div>\n                            <div class=\"sl-main-cont-box\">\n                              <div id=\"asl-list\" class=\"sl-list-wrapper\">\n                                <ul id=\"p-statelist\" class=\"sl-list\">\n                                <\/ul>\n                              <\/div>\n                            <\/div>\n                        <\/div>\n\n                        <div class=\"directions-cont hide\">\n                            <div class=\"agile-modal-header\">\n                                <button type=\"button\" class=\"close\"><span aria-hidden=\"true\">\u00d7<\/span><\/button>\n                                <h4>Richtung speichern<\/h4>\n                            <\/div>\n                            <div class=\"rendered-directions\" id=\"asl-rendered-dir\" style=\"direction: ltr;\"><\/div>\n                        <\/div>\n                    <\/div>\n                    <div class=\"pol-md-7 pol-lg-8 asl-map\">\n                        <div class=\"map-image\">\n                            <div id=\"asl-map-canv\" class=\"asl-map-canv\"><\/div>\n                            <div id=\"agile-modal-direction\" class=\"agile-modal fade\">\n    <div class=\"agile-modal-backdrop-in\"><\/div>\n    <div class=\"agile-modal-dialog in\">\n        <div class=\"agile-modal-content\">\n            <div class=\"sl-form-group d-flex justify-content-between\">\n                <h4 >Route planen<\/h4>\n                <button type=\"button\" class=\"close-directions sl-close\" data-dismiss=\"agile-modal\" aria-label=\"Close\">&times;<\/button>\n            <\/div>\n            <div class=\"sl-form-group\">\n                <label for=\"frm-lbl\">Von:<\/label>\n                <input type=\"text\" class=\"form-control frm-place\" id=\"frm-lbl\" placeholder=\"Locatie invoeren\">\n            <\/div>\n            <div class=\"sl-form-group\">\n                <label for=\"to-lbl\">Nach:<\/label>\n                <input readonly=\"true\" type=\"text\"  class=\"directions-to form-control\" id=\"to-lbl\" placeholder=\"Prepopulated Destination Address\">\n            <\/div>\n            <div class=\"sl-form-group mb-0\">\n                <label for=\"rbtn-km\" class=\"checkbox-inline\">\n                    <input type=\"radio\" name=\"dist-type\"  id=\"rbtn-km\" value=\"0\"> Kilometers                <\/label>\n                <label for=\"rbtn-mile\" class=\"checkbox-inline\">\n                    <input type=\"radio\" name=\"dist-type\" checked id=\"rbtn-mile\" value=\"1\"> Mijlen                <\/label>\n            <\/div>\n            <div class=\"sl-form-group mb-0\">\n                <button type=\"submit\" class=\"btn btn-default btn-submit\">Route planen<\/button>\n            <\/div>\n        <\/div>\n    <\/div>\n<\/div>\n\n<div id=\"asl-geolocation-agile-modal\" class=\"agile-modal fade\">\n  <div class=\"agile-modal-backdrop-in\"><\/div>\n  <div class=\"agile-modal-dialog in\">\n    <div class=\"agile-modal-content\">\n            <div class=\"sl-form-group d-flex justify-content-between\">\n        <h5>Aktuelle Position verwenden um die n\u00e4chste Verkaufsstelle anzuzeigen<\/h5>\n        <button type=\"button\" class=\"close-directions sl-close\" data-dismiss=\"agile-modal\" aria-label=\"Close\" aria-hidden=\"true\">&times;<\/button>\n      <\/div>\n      <div class=\"sl-form-group text-center mb-0\">\n        <button type=\"button\" id=\"asl-btn-geolocation\" class=\"btn btn-block btn-default\">Position verwenden<\/button>\n      <\/div>\n          <\/div>\n  <\/div>\n<\/div>\n\n<div id=\"asl-desc-agile-modal\" class=\"agile-modal fade\">\n  <div class=\"agile-modal-backdrop-in\"><\/div>\n  <div class=\"agile-modal-dialog in\">\n    <div class=\"agile-modal-content\">\n      <div class=\"sl-row\">\n        <div class=\"pol-md-12\">\n          <div class=\"sl-form-group d-flex justify-content-between\">\n            <h4 class=\"sl-title\">Description<\/h4>\n            <button type=\"button\" class=\"close-directions sl-close\" data-dismiss=\"agile-modal\" aria-label=\"Close\">&times;<\/button>\n          <\/div>\n          <div class=\"sl-desc\"><\/div>\n        <\/div>\n      <\/div>\n    <\/div>\n  <\/div>\n<\/div>                        <\/div>\n                    <\/div>\n                <\/div>\n            <\/div>\n        <\/div>\n      <\/div>\n    <\/div>\n      <\/div>\n<\/div>\n<!-- This plugin is developed by \"Agile Store Locator for WordPress\" https:\/\/agilestorelocator.com -->\n<script type=\"text\/javascript\">\nfunction asl_event_hook(_event) {\n   \n  if(_event.type == 'init') {\n    \n    \/\/  You can replace my-custom-button-class with your own class for the button\n    jQuery('.my-custom-button-class').bind('click', function(e) {\n\n      \/\/  initiate geolocation\n      asl_view.geolocate_();\n\n    });\n  }\n}\n<\/script><\/div>\n\t\t\t\t\t\t<\/div>\n\t\t\t\t<\/div>\n\t\t\t\t\t<\/div>\n\t\t\t\t<\/div>\n\t\t\t\t<\/div>\n\t\t","protected":false},"excerpt":{"rendered":"<p>Entdecken Sie unsere Verkaufsstellen Unsere Biere sind n\u00e4her als Sie denken! Finden Sie ganz einfach einen Supermarkt oder ein Spirituosengesch\u00e4ft [&hellip;]<\/p>\n","protected":false},"author":1,"featured_media":5929,"parent":0,"menu_order":0,"comment_status":"closed","ping_status":"closed","template":"","meta":{"_acf_changed":false,"inline_featured_image":false,"site-sidebar-layout":"no-sidebar","site-content-layout":"","ast-site-content-layout":"full-width-container","site-content-style":"default","site-sidebar-style":"default","ast-global-header-display":"","ast-banner-title-visibility":"","ast-main-header-display":"","ast-hfb-above-header-display":"","ast-hfb-below-header-display":"","ast-hfb-mobile-header-display":"","site-post-title":"disabled","ast-breadcrumbs-content":"","ast-featured-img":"disabled","footer-sml-layout":"","theme-transparent-header-meta":"","adv-header-id-meta":"","stick-header-meta":"","header-above-stick-meta":"","header-main-stick-meta":"","header-below-stick-meta":"","astra-migrate-meta-layouts":"default","ast-page-background-enabled":"default","ast-page-background-meta":{"desktop":{"background-color":"var(--ast-global-color-4)","background-image":"","background-repeat":"repeat","background-position":"center center","background-size":"auto","background-attachment":"scroll","background-type":"","background-media":"","overlay-type":"","overlay-color":"","overlay-opacity":"","overlay-gradient":""},"tablet":{"background-color":"","background-image":"","background-repeat":"repeat","background-position":"center center","background-size":"auto","background-attachment":"scroll","background-type":"","background-media":"","overlay-type":"","overlay-color":"","overlay-opacity":"","overlay-gradient":""},"mobile":{"background-color":"","background-image":"","background-repeat":"repeat","background-position":"center center","background-size":"auto","background-attachment":"scroll","background-type":"","background-media":"","overlay-type":"","overlay-color":"","overlay-opacity":"","overlay-gradient":""}},"ast-content-background-meta":{"desktop":{"background-color":"var(--ast-global-color-5)","background-image":"","background-repeat":"repeat","background-position":"center center","background-size":"auto","background-attachment":"scroll","background-type":"","background-media":"","overlay-type":"","overlay-color":"","overlay-opacity":"","overlay-gradient":""},"tablet":{"background-color":"var(--ast-global-color-5)","background-image":"","background-repeat":"repeat","background-position":"center center","background-size":"auto","background-attachment":"scroll","background-type":"","background-media":"","overlay-type":"","overlay-color":"","overlay-opacity":"","overlay-gradient":""},"mobile":{"background-color":"var(--ast-global-color-5)","background-image":"","background-repeat":"repeat","background-position":"center center","background-size":"auto","background-attachment":"scroll","background-type":"","background-media":"","overlay-type":"","overlay-color":"","overlay-opacity":"","overlay-gradient":""}},"footnotes":""},"class_list":["post-5926","page","type-page","status-publish","has-post-thumbnail","hentry"],"acf":[],"yoast_head":"<!-- This site is optimized with the Yoast SEO plugin v27.4 - https:\/\/yoast.com\/product\/yoast-seo-wordpress\/ -->\n<title>Standorte - Lindeboom<\/title>\n<meta name=\"description\" content=\"Unsere Biere sind n\u00e4her als Sie denken! Finden Sie ganz einfach eine Verkaufsstelle in Ihrer N\u00e4he und holen Sie sich Ihre Lieblingsbiere von Lindeboom nach Hause.\" \/>\n<meta name=\"robots\" content=\"index, follow, max-snippet:-1, max-image-preview:large, max-video-preview:-1\" \/>\n<link rel=\"canonical\" href=\"https:\/\/lindeboom.nl\/de\/standorte\/\" \/>\n<meta property=\"og:locale\" content=\"de_DE\" \/>\n<meta property=\"og:type\" content=\"article\" \/>\n<meta property=\"og:title\" content=\"Standorte - Lindeboom\" \/>\n<meta property=\"og:description\" content=\"Unsere Biere sind n\u00e4her als Sie denken! Finden Sie ganz einfach eine Verkaufsstelle in Ihrer N\u00e4he und holen Sie sich Ihre Lieblingsbiere von Lindeboom nach Hause.\" \/>\n<meta property=\"og:url\" content=\"https:\/\/lindeboom.nl\/de\/standorte\/\" \/>\n<meta property=\"og:site_name\" content=\"Lindeboom\" \/>\n<meta property=\"article:modified_time\" content=\"2025-05-30T12:57:06+00:00\" \/>\n<meta property=\"og:image\" content=\"https:\/\/lindeboom.nl\/wp-content\/uploads\/2024\/08\/Bierwinkel-1200x630-1.png\" \/>\n\t<meta property=\"og:image:width\" content=\"1200\" \/>\n\t<meta property=\"og:image:height\" content=\"630\" \/>\n\t<meta property=\"og:image:type\" content=\"image\/png\" \/>\n<meta name=\"twitter:card\" content=\"summary_large_image\" \/>\n<script type=\"application\/ld+json\" class=\"yoast-schema-graph\">{\"@context\":\"https:\\\/\\\/schema.org\",\"@graph\":[{\"@type\":\"WebPage\",\"@id\":\"https:\\\/\\\/lindeboom.nl\\\/de\\\/standorte\\\/\",\"url\":\"https:\\\/\\\/lindeboom.nl\\\/de\\\/standorte\\\/\",\"name\":\"Standorte - Lindeboom\",\"isPartOf\":{\"@id\":\"https:\\\/\\\/lindeboom.nl\\\/#website\"},\"primaryImageOfPage\":{\"@id\":\"https:\\\/\\\/lindeboom.nl\\\/de\\\/standorte\\\/#primaryimage\"},\"image\":{\"@id\":\"https:\\\/\\\/lindeboom.nl\\\/de\\\/standorte\\\/#primaryimage\"},\"thumbnailUrl\":\"https:\\\/\\\/lindeboom.nl\\\/wp-content\\\/uploads\\\/2024\\\/08\\\/Bierwinkel-1200x630-1.png\",\"datePublished\":\"2024-09-11T07:25:38+00:00\",\"dateModified\":\"2025-05-30T12:57:06+00:00\",\"description\":\"Unsere Biere sind n\u00e4her als Sie denken! Finden Sie ganz einfach eine Verkaufsstelle in Ihrer N\u00e4he und holen Sie sich Ihre Lieblingsbiere von Lindeboom nach Hause.\",\"breadcrumb\":{\"@id\":\"https:\\\/\\\/lindeboom.nl\\\/de\\\/standorte\\\/#breadcrumb\"},\"inLanguage\":\"de\",\"potentialAction\":[{\"@type\":\"ReadAction\",\"target\":[\"https:\\\/\\\/lindeboom.nl\\\/de\\\/standorte\\\/\"]}]},{\"@type\":\"ImageObject\",\"inLanguage\":\"de\",\"@id\":\"https:\\\/\\\/lindeboom.nl\\\/de\\\/standorte\\\/#primaryimage\",\"url\":\"https:\\\/\\\/lindeboom.nl\\\/wp-content\\\/uploads\\\/2024\\\/08\\\/Bierwinkel-1200x630-1.png\",\"contentUrl\":\"https:\\\/\\\/lindeboom.nl\\\/wp-content\\\/uploads\\\/2024\\\/08\\\/Bierwinkel-1200x630-1.png\",\"width\":1200,\"height\":630},{\"@type\":\"BreadcrumbList\",\"@id\":\"https:\\\/\\\/lindeboom.nl\\\/de\\\/standorte\\\/#breadcrumb\",\"itemListElement\":[{\"@type\":\"ListItem\",\"position\":1,\"name\":\"Home\",\"item\":\"https:\\\/\\\/lindeboom.nl\\\/de\\\/\"},{\"@type\":\"ListItem\",\"position\":2,\"name\":\"Standorte\"}]},{\"@type\":\"WebSite\",\"@id\":\"https:\\\/\\\/lindeboom.nl\\\/#website\",\"url\":\"https:\\\/\\\/lindeboom.nl\\\/\",\"name\":\"Lindeboom\",\"description\":\"&#039;t Bier van Hier\",\"publisher\":{\"@id\":\"https:\\\/\\\/lindeboom.nl\\\/#organization\"},\"potentialAction\":[{\"@type\":\"SearchAction\",\"target\":{\"@type\":\"EntryPoint\",\"urlTemplate\":\"https:\\\/\\\/lindeboom.nl\\\/?s={search_term_string}\"},\"query-input\":{\"@type\":\"PropertyValueSpecification\",\"valueRequired\":true,\"valueName\":\"search_term_string\"}}],\"inLanguage\":\"de\"},{\"@type\":\"Organization\",\"@id\":\"https:\\\/\\\/lindeboom.nl\\\/#organization\",\"name\":\"Lindeboom\",\"url\":\"https:\\\/\\\/lindeboom.nl\\\/\",\"logo\":{\"@type\":\"ImageObject\",\"inLanguage\":\"de\",\"@id\":\"https:\\\/\\\/lindeboom.nl\\\/#\\\/schema\\\/logo\\\/image\\\/\",\"url\":\"https:\\\/\\\/lindeboom.nl\\\/wp-content\\\/uploads\\\/2024\\\/01\\\/logo.svg\",\"contentUrl\":\"https:\\\/\\\/lindeboom.nl\\\/wp-content\\\/uploads\\\/2024\\\/01\\\/logo.svg\",\"caption\":\"Lindeboom\"},\"image\":{\"@id\":\"https:\\\/\\\/lindeboom.nl\\\/#\\\/schema\\\/logo\\\/image\\\/\"}}]}<\/script>\n<!-- \/ Yoast SEO plugin. -->","yoast_head_json":{"title":"Standorte - Lindeboom","description":"Unsere Biere sind n\u00e4her als Sie denken! Finden Sie ganz einfach eine Verkaufsstelle in Ihrer N\u00e4he und holen Sie sich Ihre Lieblingsbiere von Lindeboom nach Hause.","robots":{"index":"index","follow":"follow","max-snippet":"max-snippet:-1","max-image-preview":"max-image-preview:large","max-video-preview":"max-video-preview:-1"},"canonical":"https:\/\/lindeboom.nl\/de\/standorte\/","og_locale":"de_DE","og_type":"article","og_title":"Standorte - Lindeboom","og_description":"Unsere Biere sind n\u00e4her als Sie denken! Finden Sie ganz einfach eine Verkaufsstelle in Ihrer N\u00e4he und holen Sie sich Ihre Lieblingsbiere von Lindeboom nach Hause.","og_url":"https:\/\/lindeboom.nl\/de\/standorte\/","og_site_name":"Lindeboom","article_modified_time":"2025-05-30T12:57:06+00:00","og_image":[{"width":1200,"height":630,"url":"https:\/\/lindeboom.nl\/wp-content\/uploads\/2024\/08\/Bierwinkel-1200x630-1.png","type":"image\/png"}],"twitter_card":"summary_large_image","schema":{"@context":"https:\/\/schema.org","@graph":[{"@type":"WebPage","@id":"https:\/\/lindeboom.nl\/de\/standorte\/","url":"https:\/\/lindeboom.nl\/de\/standorte\/","name":"Standorte - Lindeboom","isPartOf":{"@id":"https:\/\/lindeboom.nl\/#website"},"primaryImageOfPage":{"@id":"https:\/\/lindeboom.nl\/de\/standorte\/#primaryimage"},"image":{"@id":"https:\/\/lindeboom.nl\/de\/standorte\/#primaryimage"},"thumbnailUrl":"https:\/\/lindeboom.nl\/wp-content\/uploads\/2024\/08\/Bierwinkel-1200x630-1.png","datePublished":"2024-09-11T07:25:38+00:00","dateModified":"2025-05-30T12:57:06+00:00","description":"Unsere Biere sind n\u00e4her als Sie denken! Finden Sie ganz einfach eine Verkaufsstelle in Ihrer N\u00e4he und holen Sie sich Ihre Lieblingsbiere von Lindeboom nach Hause.","breadcrumb":{"@id":"https:\/\/lindeboom.nl\/de\/standorte\/#breadcrumb"},"inLanguage":"de","potentialAction":[{"@type":"ReadAction","target":["https:\/\/lindeboom.nl\/de\/standorte\/"]}]},{"@type":"ImageObject","inLanguage":"de","@id":"https:\/\/lindeboom.nl\/de\/standorte\/#primaryimage","url":"https:\/\/lindeboom.nl\/wp-content\/uploads\/2024\/08\/Bierwinkel-1200x630-1.png","contentUrl":"https:\/\/lindeboom.nl\/wp-content\/uploads\/2024\/08\/Bierwinkel-1200x630-1.png","width":1200,"height":630},{"@type":"BreadcrumbList","@id":"https:\/\/lindeboom.nl\/de\/standorte\/#breadcrumb","itemListElement":[{"@type":"ListItem","position":1,"name":"Home","item":"https:\/\/lindeboom.nl\/de\/"},{"@type":"ListItem","position":2,"name":"Standorte"}]},{"@type":"WebSite","@id":"https:\/\/lindeboom.nl\/#website","url":"https:\/\/lindeboom.nl\/","name":"Lindeboom","description":"&#039;t Bier van Hier","publisher":{"@id":"https:\/\/lindeboom.nl\/#organization"},"potentialAction":[{"@type":"SearchAction","target":{"@type":"EntryPoint","urlTemplate":"https:\/\/lindeboom.nl\/?s={search_term_string}"},"query-input":{"@type":"PropertyValueSpecification","valueRequired":true,"valueName":"search_term_string"}}],"inLanguage":"de"},{"@type":"Organization","@id":"https:\/\/lindeboom.nl\/#organization","name":"Lindeboom","url":"https:\/\/lindeboom.nl\/","logo":{"@type":"ImageObject","inLanguage":"de","@id":"https:\/\/lindeboom.nl\/#\/schema\/logo\/image\/","url":"https:\/\/lindeboom.nl\/wp-content\/uploads\/2024\/01\/logo.svg","contentUrl":"https:\/\/lindeboom.nl\/wp-content\/uploads\/2024\/01\/logo.svg","caption":"Lindeboom"},"image":{"@id":"https:\/\/lindeboom.nl\/#\/schema\/logo\/image\/"}}]}},"_links":{"self":[{"href":"https:\/\/lindeboom.nl\/de\/wp-json\/wp\/v2\/pages\/5926","targetHints":{"allow":["GET"]}}],"collection":[{"href":"https:\/\/lindeboom.nl\/de\/wp-json\/wp\/v2\/pages"}],"about":[{"href":"https:\/\/lindeboom.nl\/de\/wp-json\/wp\/v2\/types\/page"}],"author":[{"embeddable":true,"href":"https:\/\/lindeboom.nl\/de\/wp-json\/wp\/v2\/users\/1"}],"replies":[{"embeddable":true,"href":"https:\/\/lindeboom.nl\/de\/wp-json\/wp\/v2\/comments?post=5926"}],"version-history":[{"count":1,"href":"https:\/\/lindeboom.nl\/de\/wp-json\/wp\/v2\/pages\/5926\/revisions"}],"predecessor-version":[{"id":5932,"href":"https:\/\/lindeboom.nl\/de\/wp-json\/wp\/v2\/pages\/5926\/revisions\/5932"}],"wp:featuredmedia":[{"embeddable":true,"href":"https:\/\/lindeboom.nl\/de\/wp-json\/wp\/v2\/media\/5929"}],"wp:attachment":[{"href":"https:\/\/lindeboom.nl\/de\/wp-json\/wp\/v2\/media?parent=5926"}],"curies":[{"name":"wp","href":"https:\/\/api.w.org\/{rel}","templated":true}]}}