{"id":5935,"date":"2024-08-02T15:49:47","date_gmt":"2024-08-02T13:49:47","guid":{"rendered":"https:\/\/lindeboom.nl\/bierladen\/"},"modified":"2025-06-06T13:00:47","modified_gmt":"2025-06-06T11:00:47","slug":"bierladen","status":"publish","type":"page","link":"https:\/\/lindeboom.nl\/de\/bierladen\/","title":{"rendered":"Bierladen"},"content":{"rendered":"\t\t<div data-elementor-type=\"wp-page\" data-elementor-id=\"5935\" class=\"elementor elementor-5935 elementor-3173\" data-elementor-post-type=\"page\">\n\t\t\t\t<div class=\"elementor-element elementor-element-0469d7b e-flex e-con-boxed e-con e-parent\" data-id=\"0469d7b\" data-element_type=\"container\" data-e-type=\"container\">\n\t\t\t\t\t<div class=\"e-con-inner\">\n\t\t<div class=\"elementor-element elementor-element-61e3416 e-con-full e-flex e-con e-child\" data-id=\"61e3416\" data-element_type=\"container\" data-e-type=\"container\" data-settings=\"{&quot;background_background&quot;:&quot;classic&quot;}\">\n\t\t<div class=\"elementor-element elementor-element-65a4c20 e-con-full e-flex e-con e-child\" data-id=\"65a4c20\" data-element_type=\"container\" data-e-type=\"container\">\n\t\t\t\t<div class=\"elementor-element elementor-element-0b9e7c1 elementor-widget__width-initial elementor-widget-tablet__width-initial elementor-widget elementor-widget-heading\" data-id=\"0b9e7c1\" data-element_type=\"widget\" data-e-type=\"widget\" data-widget_type=\"heading.default\">\n\t\t\t\t<div class=\"elementor-widget-container\">\n\t\t\t\t\t<h1 class=\"elementor-heading-title elementor-size-default\">Bierladen<\/h1>\t\t\t\t<\/div>\n\t\t\t\t<\/div>\n\t\t\t\t<div class=\"elementor-element elementor-element-837bddd elementor-widget__width-initial elementor-widget elementor-widget-text-editor\" data-id=\"837bddd\" data-element_type=\"widget\" data-e-type=\"widget\" data-widget_type=\"text-editor.default\">\n\t\t\t\t<div class=\"elementor-widget-container\">\n\t\t\t\t\t\t\t\t\t<p>Entdecken Sie unser gesamtes Angebot<\/p>\t\t\t\t\t\t\t\t<\/div>\n\t\t\t\t<\/div>\n\t\t\t\t<\/div>\n\t\t<div class=\"elementor-element elementor-element-3f79790 e-con-full e-flex e-con e-child\" data-id=\"3f79790\" data-element_type=\"container\" data-e-type=\"container\">\n\t\t\t\t<\/div>\n\t\t\t\t<\/div>\n\t\t\t\t\t<\/div>\n\t\t\t\t<\/div>\n\t\t<div class=\"elementor-element elementor-element-e0c7ced e-flex e-con-boxed e-con e-parent\" data-id=\"e0c7ced\" data-element_type=\"container\" data-e-type=\"container\">\n\t\t\t\t\t<div class=\"e-con-inner\">\n\t\t\t\t<div class=\"elementor-element elementor-element-f180be1 elementor-widget__width-initial elementor-widget elementor-widget-heading\" data-id=\"f180be1\" data-element_type=\"widget\" data-e-type=\"widget\" data-widget_type=\"heading.default\">\n\t\t\t\t<div class=\"elementor-widget-container\">\n\t\t\t\t\t<h2 class=\"elementor-heading-title elementor-size-default\">Besuchen Sie den Bierladen<\/h2>\t\t\t\t<\/div>\n\t\t\t\t<\/div>\n\t\t\t\t<div class=\"elementor-element elementor-element-9ed8051 elementor-widget__width-initial elementor-widget elementor-widget-text-editor\" data-id=\"9ed8051\" data-element_type=\"widget\" data-e-type=\"widget\" data-widget_type=\"text-editor.default\">\n\t\t\t\t<div class=\"elementor-widget-container\">\n\t\t\t\t\t\t\t\t\t<p>Entdecken Sie unser komplettes Sortiment an <a href=\"https:\/\/lindeboom.nl\/de\/biere\/\">Bieren<\/a> von Lindeboom, Gouverneur und Venloosch. Neben allen mit Stolz gebrauten und preisgekr\u00f6nten Bieren sind auch Accessoires wie Gl\u00e4ser und Geschenkverpackungen erh\u00e4ltlich. Ein perfektes Geschenk f\u00fcr jemanden oder sich selbst. Besuchen Sie den Shop und erleben Sie den Geschmack unserer Brauerei!   <\/p>\t\t\t\t\t\t\t\t<\/div>\n\t\t\t\t<\/div>\n\t\t\t\t\t<\/div>\n\t\t\t\t<\/div>\n\t\t<div class=\"elementor-element elementor-element-894f4b4 e-flex e-con-boxed e-con e-parent\" data-id=\"894f4b4\" data-element_type=\"container\" data-e-type=\"container\">\n\t\t\t\t\t<div class=\"e-con-inner\">\n\t\t<div class=\"elementor-element elementor-element-e3a4746 e-con-full e-flex e-con e-child\" data-id=\"e3a4746\" data-element_type=\"container\" data-e-type=\"container\">\n\t\t\t\t<div class=\"elementor-element elementor-element-b0321b3 elementor-widget elementor-widget-image\" data-id=\"b0321b3\" data-element_type=\"widget\" data-e-type=\"widget\" data-widget_type=\"image.default\">\n\t\t\t\t<div class=\"elementor-widget-container\">\n\t\t\t\t\t\t\t\t\t\t\t\t\t\t\t<img fetchpriority=\"high\" decoding=\"async\" width=\"1024\" height=\"538\" src=\"https:\/\/lindeboom.nl\/wp-content\/uploads\/2024\/08\/Bierwinkel-2-1200x630-1-1024x538.png\" class=\"attachment-large size-large wp-image-5937\" alt=\"\" srcset=\"https:\/\/lindeboom.nl\/wp-content\/uploads\/2024\/08\/Bierwinkel-2-1200x630-1-1024x538.png 1024w, https:\/\/lindeboom.nl\/wp-content\/uploads\/2024\/08\/Bierwinkel-2-1200x630-1-300x158.png 300w, https:\/\/lindeboom.nl\/wp-content\/uploads\/2024\/08\/Bierwinkel-2-1200x630-1-768x403.png 768w, https:\/\/lindeboom.nl\/wp-content\/uploads\/2024\/08\/Bierwinkel-2-1200x630-1.png 1200w\" sizes=\"(max-width: 1024px) 100vw, 1024px\" \/>\t\t\t\t\t\t\t\t\t\t\t\t\t\t\t<\/div>\n\t\t\t\t<\/div>\n\t\t\t\t<\/div>\n\t\t<div class=\"elementor-element elementor-element-e684251 e-con-full e-flex e-con e-child\" data-id=\"e684251\" data-element_type=\"container\" data-e-type=\"container\">\n\t\t\t\t<div class=\"elementor-element elementor-element-bad61ae elementor-widget elementor-widget-image\" data-id=\"bad61ae\" data-element_type=\"widget\" data-e-type=\"widget\" data-widget_type=\"image.default\">\n\t\t\t\t<div class=\"elementor-widget-container\">\n\t\t\t\t\t\t\t\t\t\t\t\t\t\t\t<img decoding=\"async\" width=\"1024\" height=\"538\" src=\"https:\/\/lindeboom.nl\/wp-content\/uploads\/2024\/08\/Bierwinkel-1-1200x630-1-1024x538.png\" class=\"attachment-large size-large wp-image-5938\" alt=\"\" srcset=\"https:\/\/lindeboom.nl\/wp-content\/uploads\/2024\/08\/Bierwinkel-1-1200x630-1-1024x538.png 1024w, https:\/\/lindeboom.nl\/wp-content\/uploads\/2024\/08\/Bierwinkel-1-1200x630-1-300x158.png 300w, https:\/\/lindeboom.nl\/wp-content\/uploads\/2024\/08\/Bierwinkel-1-1200x630-1-768x403.png 768w, https:\/\/lindeboom.nl\/wp-content\/uploads\/2024\/08\/Bierwinkel-1-1200x630-1.png 1200w\" sizes=\"(max-width: 1024px) 100vw, 1024px\" \/>\t\t\t\t\t\t\t\t\t\t\t\t\t\t\t<\/div>\n\t\t\t\t<\/div>\n\t\t\t\t<\/div>\n\t\t\t\t\t<\/div>\n\t\t\t\t<\/div>\n\t\t<div class=\"elementor-element elementor-element-a1c3d06 e-flex e-con-boxed e-con e-parent\" data-id=\"a1c3d06\" data-element_type=\"container\" data-e-type=\"container\">\n\t\t\t\t\t<div class=\"e-con-inner\">\n\t\t\t\t<div class=\"elementor-element elementor-element-6b782ae elementor-widget elementor-widget-heading\" data-id=\"6b782ae\" data-element_type=\"widget\" data-e-type=\"widget\" data-widget_type=\"heading.default\">\n\t\t\t\t<div class=\"elementor-widget-container\">\n\t\t\t\t\t<h2 class=\"elementor-heading-title elementor-size-default\">Die \u00d6ffnungszeiten<\/h2>\t\t\t\t<\/div>\n\t\t\t\t<\/div>\n\t\t\t\t<div class=\"elementor-element elementor-element-fce5b0f elementor-widget elementor-widget-text-editor\" data-id=\"fce5b0f\" data-element_type=\"widget\" data-e-type=\"widget\" data-widget_type=\"text-editor.default\">\n\t\t\t\t<div class=\"elementor-widget-container\">\n\t\t\t\t\t\t\t\t\t<p><em><strong>Ab Freitag, den 18. April 2025, haben wir ge\u00e4nderte \u00d6ffnungszeiten:<\/strong><\/em><br>Freitag: 10:00 &#8211; 17:00<br>Samstag: 10:00 &#8211; 14:00<\/p>\t\t\t\t\t\t\t\t<\/div>\n\t\t\t\t<\/div>\n\t\t\t\t\t<\/div>\n\t\t\t\t<\/div>\n\t\t<div class=\"elementor-element elementor-element-69147d3 e-con-full e-flex e-con e-parent\" data-id=\"69147d3\" data-element_type=\"container\" data-e-type=\"container\" data-settings=\"{&quot;background_background&quot;:&quot;classic&quot;}\">\n\t\t\t\t<div class=\"elementor-element elementor-element-ab20289 elementor-widget elementor-widget-heading\" data-id=\"ab20289\" data-element_type=\"widget\" data-e-type=\"widget\" data-widget_type=\"heading.default\">\n\t\t\t\t<div class=\"elementor-widget-container\">\n\t\t\t\t\t<h2 class=\"elementor-heading-title elementor-size-default\"><a href=\"https:\/\/lindeboom.nl\/de\/bier-tour\/\">Bier Tour<\/a><\/h2>\t\t\t\t<\/div>\n\t\t\t\t<\/div>\n\t\t\t\t<div class=\"elementor-element elementor-element-230d4b4 elementor-widget elementor-widget-text-editor\" data-id=\"230d4b4\" data-element_type=\"widget\" data-e-type=\"widget\" data-widget_type=\"text-editor.default\">\n\t\t\t\t<div class=\"elementor-widget-container\">\n\t\t\t\t\t\t\t\t\tKombinieren Sie den Besuch des Bierladens mit der Lindeboom Beer Tour. G\u00f6nnen Sie sich das ultimative Biererlebnis und besuchen Sie diese einzigartige Brauerei. Lassen Sie sich von einem erfahrenen F\u00fchrer in die Kunst des langsamen Brauens einf\u00fchren und probieren Sie, wie Qualit\u00e4t schmeckt. Buchen Sie eine Lindeboom Biertour und erleben Sie es selbst, mit einer Tour von der Braustube bis zur Bierverkostung.   \t\t\t\t\t\t\t\t<\/div>\n\t\t\t\t<\/div>\n\t\t\t\t<div class=\"elementor-element elementor-element-70e1df1 elementor-align-center elementor-widget elementor-widget-button\" data-id=\"70e1df1\" data-element_type=\"widget\" data-e-type=\"widget\" data-widget_type=\"button.default\">\n\t\t\t\t<div class=\"elementor-widget-container\">\n\t\t\t\t\t\t\t\t\t<div class=\"elementor-button-wrapper\">\n\t\t\t\t\t<a class=\"elementor-button elementor-button-link elementor-size-sm\" href=\"https:\/\/lindeboom.nl\/de\/bier-tour\/\">\n\t\t\t\t\t\t<span class=\"elementor-button-content-wrapper\">\n\t\t\t\t\t\t\t\t\t<span class=\"elementor-button-text\">Klicken Sie hier<\/span>\n\t\t\t\t\t<\/span>\n\t\t\t\t\t<\/a>\n\t\t\t\t<\/div>\n\t\t\t\t\t\t\t\t<\/div>\n\t\t\t\t<\/div>\n\t\t\t\t<\/div>\n\t\t\t\t<\/div>\n\t\t","protected":false},"excerpt":{"rendered":"<p>Bierladen Entdecken Sie unser gesamtes Angebot Besuchen Sie den Bierladen Entdecken Sie unser komplettes Sortiment an Bieren von Lindeboom, Gouverneur [&hellip;]<\/p>\n","protected":false},"author":1,"featured_media":5929,"parent":0,"menu_order":0,"comment_status":"closed","ping_status":"closed","template":"elementor_header_footer","meta":{"_acf_changed":false,"inline_featured_image":false,"site-sidebar-layout":"default","site-content-layout":"","ast-site-content-layout":"","site-content-style":"default","site-sidebar-style":"default","ast-global-header-display":"","ast-banner-title-visibility":"","ast-main-header-display":"","ast-hfb-above-header-display":"","ast-hfb-below-header-display":"","ast-hfb-mobile-header-display":"","site-post-title":"","ast-breadcrumbs-content":"","ast-featured-img":"","footer-sml-layout":"","theme-transparent-header-meta":"","adv-header-id-meta":"","stick-header-meta":"","header-above-stick-meta":"","header-main-stick-meta":"","header-below-stick-meta":"","astra-migrate-meta-layouts":"default","ast-page-background-enabled":"default","ast-page-background-meta":{"desktop":{"background-color":"var(--ast-global-color-4)","background-image":"","background-repeat":"repeat","background-position":"center center","background-size":"auto","background-attachment":"scroll","background-type":"","background-media":"","overlay-type":"","overlay-color":"","overlay-opacity":"","overlay-gradient":""},"tablet":{"background-color":"","background-image":"","background-repeat":"repeat","background-position":"center center","background-size":"auto","background-attachment":"scroll","background-type":"","background-media":"","overlay-type":"","overlay-color":"","overlay-opacity":"","overlay-gradient":""},"mobile":{"background-color":"","background-image":"","background-repeat":"repeat","background-position":"center center","background-size":"auto","background-attachment":"scroll","background-type":"","background-media":"","overlay-type":"","overlay-color":"","overlay-opacity":"","overlay-gradient":""}},"ast-content-background-meta":{"desktop":{"background-color":"var(--ast-global-color-5)","background-image":"","background-repeat":"repeat","background-position":"center center","background-size":"auto","background-attachment":"scroll","background-type":"","background-media":"","overlay-type":"","overlay-color":"","overlay-opacity":"","overlay-gradient":""},"tablet":{"background-color":"var(--ast-global-color-5)","background-image":"","background-repeat":"repeat","background-position":"center center","background-size":"auto","background-attachment":"scroll","background-type":"","background-media":"","overlay-type":"","overlay-color":"","overlay-opacity":"","overlay-gradient":""},"mobile":{"background-color":"var(--ast-global-color-5)","background-image":"","background-repeat":"repeat","background-position":"center center","background-size":"auto","background-attachment":"scroll","background-type":"","background-media":"","overlay-type":"","overlay-color":"","overlay-opacity":"","overlay-gradient":""}},"footnotes":""},"class_list":["post-5935","page","type-page","status-publish","has-post-thumbnail","hentry"],"acf":[],"yoast_head":"<!-- This site is optimized with the Yoast SEO plugin v27.4 - https:\/\/yoast.com\/product\/yoast-seo-wordpress\/ -->\n<title>Bierladen - Lindeboom Brauerei<\/title>\n<meta name=\"description\" content=\"Besuchen Sie den Bierladen und entdecken Sie das gesamte Biersortiment von Lindeboom Bierbrouwerij, Gouverneur Biere und Venloosch.\" \/>\n<meta name=\"robots\" content=\"index, follow, max-snippet:-1, max-image-preview:large, max-video-preview:-1\" \/>\n<link rel=\"canonical\" href=\"https:\/\/lindeboom.nl\/de\/bierladen\/\" \/>\n<meta property=\"og:locale\" content=\"de_DE\" \/>\n<meta property=\"og:type\" content=\"article\" \/>\n<meta property=\"og:title\" content=\"Bierladen - Lindeboom Brauerei\" \/>\n<meta property=\"og:description\" content=\"Besuchen Sie den Bierladen und entdecken Sie das gesamte Biersortiment von Lindeboom Bierbrouwerij, Gouverneur Biere und Venloosch.\" \/>\n<meta property=\"og:url\" content=\"https:\/\/lindeboom.nl\/de\/bierladen\/\" \/>\n<meta property=\"og:site_name\" content=\"Lindeboom\" \/>\n<meta property=\"article:modified_time\" content=\"2025-06-06T11:00:47+00:00\" \/>\n<meta property=\"og:image\" content=\"https:\/\/lindeboom.nl\/wp-content\/uploads\/2024\/08\/Bierwinkel-1200x630-1.png\" \/>\n\t<meta property=\"og:image:width\" content=\"1200\" \/>\n\t<meta property=\"og:image:height\" content=\"630\" \/>\n\t<meta property=\"og:image:type\" content=\"image\/png\" \/>\n<meta name=\"twitter:card\" content=\"summary_large_image\" \/>\n<meta name=\"twitter:label1\" content=\"Gesch\u00e4tzte Lesezeit\" \/>\n\t<meta name=\"twitter:data1\" content=\"1\u00a0Minute\" \/>\n<script type=\"application\/ld+json\" class=\"yoast-schema-graph\">{\"@context\":\"https:\\\/\\\/schema.org\",\"@graph\":[{\"@type\":\"WebPage\",\"@id\":\"https:\\\/\\\/lindeboom.nl\\\/de\\\/bierladen\\\/\",\"url\":\"https:\\\/\\\/lindeboom.nl\\\/de\\\/bierladen\\\/\",\"name\":\"Bierladen - Lindeboom Brauerei\",\"isPartOf\":{\"@id\":\"https:\\\/\\\/lindeboom.nl\\\/#website\"},\"primaryImageOfPage\":{\"@id\":\"https:\\\/\\\/lindeboom.nl\\\/de\\\/bierladen\\\/#primaryimage\"},\"image\":{\"@id\":\"https:\\\/\\\/lindeboom.nl\\\/de\\\/bierladen\\\/#primaryimage\"},\"thumbnailUrl\":\"https:\\\/\\\/lindeboom.nl\\\/wp-content\\\/uploads\\\/2024\\\/08\\\/Bierwinkel-1200x630-1.png\",\"datePublished\":\"2024-08-02T13:49:47+00:00\",\"dateModified\":\"2025-06-06T11:00:47+00:00\",\"description\":\"Besuchen Sie den Bierladen und entdecken Sie das gesamte Biersortiment von Lindeboom Bierbrouwerij, Gouverneur Biere und Venloosch.\",\"breadcrumb\":{\"@id\":\"https:\\\/\\\/lindeboom.nl\\\/de\\\/bierladen\\\/#breadcrumb\"},\"inLanguage\":\"de\",\"potentialAction\":[{\"@type\":\"ReadAction\",\"target\":[\"https:\\\/\\\/lindeboom.nl\\\/de\\\/bierladen\\\/\"]}]},{\"@type\":\"ImageObject\",\"inLanguage\":\"de\",\"@id\":\"https:\\\/\\\/lindeboom.nl\\\/de\\\/bierladen\\\/#primaryimage\",\"url\":\"https:\\\/\\\/lindeboom.nl\\\/wp-content\\\/uploads\\\/2024\\\/08\\\/Bierwinkel-1200x630-1.png\",\"contentUrl\":\"https:\\\/\\\/lindeboom.nl\\\/wp-content\\\/uploads\\\/2024\\\/08\\\/Bierwinkel-1200x630-1.png\",\"width\":1200,\"height\":630},{\"@type\":\"BreadcrumbList\",\"@id\":\"https:\\\/\\\/lindeboom.nl\\\/de\\\/bierladen\\\/#breadcrumb\",\"itemListElement\":[{\"@type\":\"ListItem\",\"position\":1,\"name\":\"Home\",\"item\":\"https:\\\/\\\/lindeboom.nl\\\/de\\\/\"},{\"@type\":\"ListItem\",\"position\":2,\"name\":\"Bierladen\"}]},{\"@type\":\"WebSite\",\"@id\":\"https:\\\/\\\/lindeboom.nl\\\/#website\",\"url\":\"https:\\\/\\\/lindeboom.nl\\\/\",\"name\":\"Lindeboom\",\"description\":\"&#039;t Bier van Hier\",\"publisher\":{\"@id\":\"https:\\\/\\\/lindeboom.nl\\\/#organization\"},\"potentialAction\":[{\"@type\":\"SearchAction\",\"target\":{\"@type\":\"EntryPoint\",\"urlTemplate\":\"https:\\\/\\\/lindeboom.nl\\\/?s={search_term_string}\"},\"query-input\":{\"@type\":\"PropertyValueSpecification\",\"valueRequired\":true,\"valueName\":\"search_term_string\"}}],\"inLanguage\":\"de\"},{\"@type\":\"Organization\",\"@id\":\"https:\\\/\\\/lindeboom.nl\\\/#organization\",\"name\":\"Lindeboom\",\"url\":\"https:\\\/\\\/lindeboom.nl\\\/\",\"logo\":{\"@type\":\"ImageObject\",\"inLanguage\":\"de\",\"@id\":\"https:\\\/\\\/lindeboom.nl\\\/#\\\/schema\\\/logo\\\/image\\\/\",\"url\":\"https:\\\/\\\/lindeboom.nl\\\/wp-content\\\/uploads\\\/2024\\\/01\\\/logo.svg\",\"contentUrl\":\"https:\\\/\\\/lindeboom.nl\\\/wp-content\\\/uploads\\\/2024\\\/01\\\/logo.svg\",\"caption\":\"Lindeboom\"},\"image\":{\"@id\":\"https:\\\/\\\/lindeboom.nl\\\/#\\\/schema\\\/logo\\\/image\\\/\"}}]}<\/script>\n<!-- \/ Yoast SEO plugin. -->","yoast_head_json":{"title":"Bierladen - Lindeboom Brauerei","description":"Besuchen Sie den Bierladen und entdecken Sie das gesamte Biersortiment von Lindeboom Bierbrouwerij, Gouverneur Biere und Venloosch.","robots":{"index":"index","follow":"follow","max-snippet":"max-snippet:-1","max-image-preview":"max-image-preview:large","max-video-preview":"max-video-preview:-1"},"canonical":"https:\/\/lindeboom.nl\/de\/bierladen\/","og_locale":"de_DE","og_type":"article","og_title":"Bierladen - Lindeboom Brauerei","og_description":"Besuchen Sie den Bierladen und entdecken Sie das gesamte Biersortiment von Lindeboom Bierbrouwerij, Gouverneur Biere und Venloosch.","og_url":"https:\/\/lindeboom.nl\/de\/bierladen\/","og_site_name":"Lindeboom","article_modified_time":"2025-06-06T11:00:47+00:00","og_image":[{"width":1200,"height":630,"url":"https:\/\/lindeboom.nl\/wp-content\/uploads\/2024\/08\/Bierwinkel-1200x630-1.png","type":"image\/png"}],"twitter_card":"summary_large_image","twitter_misc":{"Gesch\u00e4tzte Lesezeit":"1\u00a0Minute"},"schema":{"@context":"https:\/\/schema.org","@graph":[{"@type":"WebPage","@id":"https:\/\/lindeboom.nl\/de\/bierladen\/","url":"https:\/\/lindeboom.nl\/de\/bierladen\/","name":"Bierladen - Lindeboom Brauerei","isPartOf":{"@id":"https:\/\/lindeboom.nl\/#website"},"primaryImageOfPage":{"@id":"https:\/\/lindeboom.nl\/de\/bierladen\/#primaryimage"},"image":{"@id":"https:\/\/lindeboom.nl\/de\/bierladen\/#primaryimage"},"thumbnailUrl":"https:\/\/lindeboom.nl\/wp-content\/uploads\/2024\/08\/Bierwinkel-1200x630-1.png","datePublished":"2024-08-02T13:49:47+00:00","dateModified":"2025-06-06T11:00:47+00:00","description":"Besuchen Sie den Bierladen und entdecken Sie das gesamte Biersortiment von Lindeboom Bierbrouwerij, Gouverneur Biere und Venloosch.","breadcrumb":{"@id":"https:\/\/lindeboom.nl\/de\/bierladen\/#breadcrumb"},"inLanguage":"de","potentialAction":[{"@type":"ReadAction","target":["https:\/\/lindeboom.nl\/de\/bierladen\/"]}]},{"@type":"ImageObject","inLanguage":"de","@id":"https:\/\/lindeboom.nl\/de\/bierladen\/#primaryimage","url":"https:\/\/lindeboom.nl\/wp-content\/uploads\/2024\/08\/Bierwinkel-1200x630-1.png","contentUrl":"https:\/\/lindeboom.nl\/wp-content\/uploads\/2024\/08\/Bierwinkel-1200x630-1.png","width":1200,"height":630},{"@type":"BreadcrumbList","@id":"https:\/\/lindeboom.nl\/de\/bierladen\/#breadcrumb","itemListElement":[{"@type":"ListItem","position":1,"name":"Home","item":"https:\/\/lindeboom.nl\/de\/"},{"@type":"ListItem","position":2,"name":"Bierladen"}]},{"@type":"WebSite","@id":"https:\/\/lindeboom.nl\/#website","url":"https:\/\/lindeboom.nl\/","name":"Lindeboom","description":"&#039;t Bier van Hier","publisher":{"@id":"https:\/\/lindeboom.nl\/#organization"},"potentialAction":[{"@type":"SearchAction","target":{"@type":"EntryPoint","urlTemplate":"https:\/\/lindeboom.nl\/?s={search_term_string}"},"query-input":{"@type":"PropertyValueSpecification","valueRequired":true,"valueName":"search_term_string"}}],"inLanguage":"de"},{"@type":"Organization","@id":"https:\/\/lindeboom.nl\/#organization","name":"Lindeboom","url":"https:\/\/lindeboom.nl\/","logo":{"@type":"ImageObject","inLanguage":"de","@id":"https:\/\/lindeboom.nl\/#\/schema\/logo\/image\/","url":"https:\/\/lindeboom.nl\/wp-content\/uploads\/2024\/01\/logo.svg","contentUrl":"https:\/\/lindeboom.nl\/wp-content\/uploads\/2024\/01\/logo.svg","caption":"Lindeboom"},"image":{"@id":"https:\/\/lindeboom.nl\/#\/schema\/logo\/image\/"}}]}},"_links":{"self":[{"href":"https:\/\/lindeboom.nl\/de\/wp-json\/wp\/v2\/pages\/5935","targetHints":{"allow":["GET"]}}],"collection":[{"href":"https:\/\/lindeboom.nl\/de\/wp-json\/wp\/v2\/pages"}],"about":[{"href":"https:\/\/lindeboom.nl\/de\/wp-json\/wp\/v2\/types\/page"}],"author":[{"embeddable":true,"href":"https:\/\/lindeboom.nl\/de\/wp-json\/wp\/v2\/users\/1"}],"replies":[{"embeddable":true,"href":"https:\/\/lindeboom.nl\/de\/wp-json\/wp\/v2\/comments?post=5935"}],"version-history":[{"count":3,"href":"https:\/\/lindeboom.nl\/de\/wp-json\/wp\/v2\/pages\/5935\/revisions"}],"predecessor-version":[{"id":6105,"href":"https:\/\/lindeboom.nl\/de\/wp-json\/wp\/v2\/pages\/5935\/revisions\/6105"}],"wp:featuredmedia":[{"embeddable":true,"href":"https:\/\/lindeboom.nl\/de\/wp-json\/wp\/v2\/media\/5929"}],"wp:attachment":[{"href":"https:\/\/lindeboom.nl\/de\/wp-json\/wp\/v2\/media?parent=5935"}],"curies":[{"name":"wp","href":"https:\/\/api.w.org\/{rel}","templated":true}]}}