{"id":5945,"date":"2024-07-25T14:36:43","date_gmt":"2024-07-25T12:36:43","guid":{"rendered":"https:\/\/lindeboom.nl\/buchung-der-biertour-aendern\/"},"modified":"2025-05-30T14:57:11","modified_gmt":"2025-05-30T12:57:11","slug":"buchung-der-biertour-aendern","status":"publish","type":"page","link":"https:\/\/lindeboom.nl\/de\/buchung-der-biertour-aendern\/","title":{"rendered":"Buchung der Biertour \u00e4ndern"},"content":{"rendered":"\t\t<div data-elementor-type=\"wp-page\" data-elementor-id=\"5945\" class=\"elementor elementor-5945 elementor-2778\" data-elementor-post-type=\"page\">\n\t\t\t\t<div class=\"elementor-element elementor-element-c738546 e-con-full e-flex e-con e-parent\" data-id=\"c738546\" data-element_type=\"container\" data-e-type=\"container\">\n\t\t\t\t<div class=\"elementor-element elementor-element-26d8bc7 elementor-widget elementor-widget-heading\" data-id=\"26d8bc7\" data-element_type=\"widget\" data-e-type=\"widget\" data-widget_type=\"heading.default\">\n\t\t\t\t<div class=\"elementor-widget-container\">\n\t\t\t\t\t<h2 class=\"elementor-heading-title elementor-size-default\">Reservierung einer Biertour \u00e4ndern\/stornieren<\/h2>\t\t\t\t<\/div>\n\t\t\t\t<\/div>\n\t\t\t\t<div class=\"elementor-element elementor-element-0621a04 elementor-widget elementor-widget-text-editor\" data-id=\"0621a04\" data-element_type=\"widget\" data-e-type=\"widget\" data-widget_type=\"text-editor.default\">\n\t\t\t\t<div class=\"elementor-widget-container\">\n\t\t\t\t\t\t\t\t\tIst etwas dazwischen gekommen und Sie m\u00f6chten die Tournee verschieben oder absagen?<br>Bitte f\u00fcllen Sie das untenstehende Kontaktformular aus. Wir werden uns so schnell wie m\u00f6glich bei Ihnen melden.   <br>  Bitte geben Sie Ihre Bestellnummer an, die Sie in der Buchungsbest\u00e4tigung finden.\t\t\t\t\t\t\t\t<\/div>\n\t\t\t\t<\/div>\n\t\t\t\t<div class=\"elementor-element elementor-element-da8e578 elementor-widget elementor-widget-formidable\" data-id=\"da8e578\" data-element_type=\"widget\" data-e-type=\"widget\" data-widget_type=\"formidable.default\">\n\t\t\t\t<div class=\"elementor-widget-container\">\n\t\t\t\t\t<link rel='stylesheet' id='formidable-css' href='https:\/\/lindeboom.nl\/wp-content\/plugins\/formidable\/css\/formidableforms.css?ver=410737' media='all' \/>\n<div class=\"frm_forms  with_frm_style frm_style_formidable-stijlen\" id=\"frm_form_4_container\" data-token=\"1ca649584b91bc91ab24bb0d0b4a0535\">\n<form enctype=\"multipart\/form-data\" method=\"post\" class=\"frm-show-form  frm_js_validate  frm_pro_form \" id=\"form_contact-form22\" data-token=\"1ca649584b91bc91ab24bb0d0b4a0535\">\n<div class=\"frm_form_fields \">\n<fieldset>\n<legend class=\"frm_screen_reader\">Reservering Biertour wijzigen\/annuleren - Lindeboom Bierbrouwerij<\/legend>\r\n\r\n<div class=\"frm_fields_container\">\n<input type=\"hidden\" name=\"frm_action\" value=\"create\" \/>\n<input type=\"hidden\" name=\"form_id\" value=\"4\" \/>\n<input type=\"hidden\" name=\"frm_hide_fields_4\" id=\"frm_hide_fields_4\" value=\"\" \/>\n<input type=\"hidden\" name=\"form_key\" value=\"contact-form22\" \/>\n<input type=\"hidden\" name=\"item_meta[0]\" value=\"\" \/>\n<input type=\"hidden\" id=\"frm_submit_entry_4\" name=\"frm_submit_entry_4\" value=\"f3f1b49fe2\" \/><input type=\"hidden\" name=\"_wp_http_referer\" value=\"\/de\/wp-json\/wp\/v2\/pages\/5945\" \/><div id=\"frm_field_31_container\" class=\"frm_form_field form-field  frm_required_field frm_top_container frm12 frm_first\">\r\n\t<label for=\"field_qh4icy32\" id=\"field_qh4icy32_label\" class=\"frm_primary_label\">Naam\r\n\t\t<span class=\"frm_required\" aria-hidden=\"true\">*<\/span>\r\n\t<\/label>\r\n\t<input  type=\"text\" id=\"field_qh4icy32\" name=\"item_meta[31]\" value=\"\"  placeholder=\"Voer je naam in\" data-reqmsg=\"Naam kan niet leeg zijn.\" aria-required=\"true\" data-invmsg=\"Naam is ongeldig\" aria-invalid=\"false\"   \/>\r\n\t\r\n\t\r\n<\/div>\n<div id=\"frm_field_32_container\" class=\"frm_form_field form-field  frm_required_field frm_top_container frm6 frm_first\">\r\n\t<label for=\"field_owf1x3\" id=\"field_owf1x3_label\" class=\"frm_primary_label\">E-mailadres\r\n\t\t<span class=\"frm_required\" aria-hidden=\"true\">*<\/span>\r\n\t<\/label>\r\n\t<input type=\"email\" id=\"field_owf1x3\" name=\"item_meta[32]\" value=\"\"  autocomplete=\"email\"  placeholder=\"Voer je e-mailadres in\" data-reqmsg=\"E-mailadres kan niet leeg zijn.\" aria-required=\"true\" data-invmsg=\"E-mailadres is ongeldig\" aria-invalid=\"false\"  \/>\r\n\t\r\n\t\r\n<\/div>\n<div id=\"frm_field_33_container\" class=\"frm_form_field form-field  frm_required_field frm_top_container frm6\">\r\n\t<label for=\"field_t8njl3\" id=\"field_t8njl3_label\" class=\"frm_primary_label\">Telefoon\r\n\t\t<span class=\"frm_required\" aria-hidden=\"true\">*<\/span>\r\n\t<\/label>\r\n\t<input type=\"tel\" id=\"field_t8njl3\" name=\"item_meta[33]\" value=\"\"  placeholder=\"Voer je telefoonnummer in\" data-reqmsg=\"Telefoon kan niet leeg zijn.\" aria-required=\"true\" data-invmsg=\"Telefoon is ongeldig\" aria-invalid=\"false\" pattern=\"((\\+\\d{1,3}(-|.| )?\\(?\\d\\)?(-| |.)?\\d{1,5})|(\\(?\\d{2,6}\\)?))(-|.| )?(\\d{3,4})(-|.| )?(\\d{4})(( x| ext)\\d{1,5}){0,1}$\"  \/>\r\n\t\r\n\t\r\n<\/div>\n<div id=\"frm_field_35_container\" class=\"frm_form_field form-field  frm_required_field frm_top_container frm12 frm_first\">\r\n\t<label for=\"field_9sf532\" id=\"field_9sf532_label\" class=\"frm_primary_label\">Ordernummer\r\n\t\t<span class=\"frm_required\" aria-hidden=\"true\">*<\/span>\r\n\t<\/label>\r\n\t<input  type=\"text\" id=\"field_9sf532\" name=\"item_meta[35]\" value=\"\"  placeholder=\"Ordernummer\" data-reqmsg=\"Ordernummer kan niet leeg zijn.\" aria-required=\"true\" data-invmsg=\"Ordernummer is ongeldig\" aria-invalid=\"false\"   \/>\r\n\t\r\n\t\r\n<\/div>\n<div id=\"frm_field_36_container\" class=\"frm_form_field form-field  frm_required_field frm_top_container frm_full\">\r\n\t<label for=\"field_9jv0r132\" id=\"field_9jv0r132_label\" class=\"frm_primary_label\">Je wilt je reserveringen wijzigen of annuleren. \r\n\t\t<span class=\"frm_required\" aria-hidden=\"true\">*<\/span>\r\n\t<\/label>\r\n\t<textarea name=\"item_meta[36]\" id=\"field_9jv0r132\" rows=\"5\"  placeholder=\"Je wilt je reserveringen wijzigen of annuleren.\" data-reqmsg=\"Je wilt je reserveringen wijzigen of annuleren.  kan niet leeg zijn.\" aria-required=\"true\" data-invmsg=\"Je wilt je reserveringen wijzigen of annuleren.  is ongeldig\" aria-invalid=\"false\"  ><\/textarea>\r\n\t\r\n\t\r\n<\/div>\n<div id=\"frm_field_37_container\" class=\"frm_form_field form-field  frm_top_container vertical_radio\">\r\n\t<div  id=\"field_38f453_label\" class=\"frm_primary_label\">Altijd op de hoogte van het laatste nieuws? Meld je aan voor de nieuwsbrief.\r\n\t\t<span class=\"frm_required\" aria-hidden=\"true\"><\/span>\r\n\t<\/div>\r\n\t<div class=\"frm_opt_container\" aria-labelledby=\"field_38f453_label\" role=\"group\">\t\t<div class=\"frm_checkbox\" id=\"frm_checkbox_37-0\">\t\t\t<label  for=\"field_38f453-0\">\n\t\t\t<input type=\"checkbox\" name=\"item_meta[37][]\" id=\"field_38f453-0\" value=\"Ja, ik abonneer mij op de Lindeboom Nieuwsbrief\"  data-invmsg=\"Altijd op de hoogte van het laatste nieuws? Meld je aan voor de nieuwsbrief. ist ung\u00fcltig\"   \/> Ja, ik abonneer mij op de Lindeboom Nieuwsbrief<\/label><\/div>\n<\/div>\r\n\t\r\n\t\r\n<\/div>\n<div id=\"frm_field_38_container\" class=\"frm_form_field form-field  frm_none_container\">\r\n\t<label for=\"g-recaptcha-response\" id=\"field_jj8fb3_label\" class=\"frm_primary_label\">Captcha\r\n\t\t<span class=\"frm_required\" aria-hidden=\"true\"><\/span>\r\n\t<\/label>\r\n\t<div  id=\"field_jj8fb3\" class=\"frm-g-recaptcha\" data-sitekey=\"6LfVaU4qAAAAAOaaeO3rmjNCF5n1qebSsT9gemnJ\" data-size=\"invisible\" data-theme=\"light\"><\/div>\r\n\t\r\n\t\r\n<\/div>\n<div id=\"frm_field_39_container\" class=\"frm_form_field form-field \">\r\n\t<div class=\"frm_submit frm_flex\">\r\n<button class=\"frm_button_submit frm_final_submit\" type=\"submit\"   formnovalidate=\"formnovalidate\">Verzenden<\/button>\r\n\r\n\r\n\r\n<\/div>\r\n<\/div>\n\t<input type=\"hidden\" name=\"item_key\" value=\"\" \/>\n\t\t\t<div id=\"frm_field_176_container\">\n\t\t\t<label for=\"field_o5o90\" >\n\t\t\t\tFalls Du menschlich bist, lasse dieses Feld leer.\t\t\t<\/label>\n\t\t\t<input  id=\"field_o5o90\" type=\"text\" class=\"frm_form_field form-field frm_verify\" name=\"item_meta[176]\" value=\"\"  \/>\n\t\t<\/div>\n\t\t<input name=\"frm_state\" type=\"hidden\" value=\"GTaJY+TsRzbF1MUL4w+85ncN09FtEw2NLN\/dbmGP0qwEgc58KpxovXBRnN0TcZjL\" \/><\/div>\n<\/fieldset>\n<\/div>\n\n<p style=\"display: none !important;\" class=\"akismet-fields-container\" data-prefix=\"ak_\"><label>&#916;<textarea name=\"ak_hp_textarea\" cols=\"45\" rows=\"8\" maxlength=\"100\"><\/textarea><\/label><input type=\"hidden\" id=\"ak_js_1\" name=\"ak_js\" value=\"231\"\/><script>document.getElementById( \"ak_js_1\" ).setAttribute( \"value\", ( new Date() ).getTime() );<\/script><\/p><\/form>\n<\/div>\n\t\t\t\t<\/div>\n\t\t\t\t<\/div>\n\t\t\t\t<\/div>\n\t\t\t\t<\/div>\n\t\t","protected":false},"excerpt":{"rendered":"<p>Reservierung einer Biertour \u00e4ndern\/stornieren Ist etwas dazwischen gekommen und Sie m\u00f6chten die Tournee verschieben oder absagen?Bitte f\u00fcllen Sie das untenstehende [&hellip;]<\/p>\n","protected":false},"author":2,"featured_media":0,"parent":0,"menu_order":0,"comment_status":"closed","ping_status":"closed","template":"","meta":{"_acf_changed":false,"inline_featured_image":false,"site-sidebar-layout":"no-sidebar","site-content-layout":"","ast-site-content-layout":"full-width-container","site-content-style":"default","site-sidebar-style":"default","ast-global-header-display":"","ast-banner-title-visibility":"","ast-main-header-display":"","ast-hfb-above-header-display":"","ast-hfb-below-header-display":"","ast-hfb-mobile-header-display":"","site-post-title":"disabled","ast-breadcrumbs-content":"","ast-featured-img":"disabled","footer-sml-layout":"","theme-transparent-header-meta":"","adv-header-id-meta":"","stick-header-meta":"","header-above-stick-meta":"","header-main-stick-meta":"","header-below-stick-meta":"","astra-migrate-meta-layouts":"default","ast-page-background-enabled":"default","ast-page-background-meta":{"desktop":{"background-color":"var(--ast-global-color-4)","background-image":"","background-repeat":"repeat","background-position":"center center","background-size":"auto","background-attachment":"scroll","background-type":"","background-media":"","overlay-type":"","overlay-color":"","overlay-opacity":"","overlay-gradient":""},"tablet":{"background-color":"","background-image":"","background-repeat":"repeat","background-position":"center center","background-size":"auto","background-attachment":"scroll","background-type":"","background-media":"","overlay-type":"","overlay-color":"","overlay-opacity":"","overlay-gradient":""},"mobile":{"background-color":"","background-image":"","background-repeat":"repeat","background-position":"center center","background-size":"auto","background-attachment":"scroll","background-type":"","background-media":"","overlay-type":"","overlay-color":"","overlay-opacity":"","overlay-gradient":""}},"ast-content-background-meta":{"desktop":{"background-color":"var(--ast-global-color-5)","background-image":"","background-repeat":"repeat","background-position":"center center","background-size":"auto","background-attachment":"scroll","background-type":"","background-media":"","overlay-type":"","overlay-color":"","overlay-opacity":"","overlay-gradient":""},"tablet":{"background-color":"var(--ast-global-color-5)","background-image":"","background-repeat":"repeat","background-position":"center center","background-size":"auto","background-attachment":"scroll","background-type":"","background-media":"","overlay-type":"","overlay-color":"","overlay-opacity":"","overlay-gradient":""},"mobile":{"background-color":"var(--ast-global-color-5)","background-image":"","background-repeat":"repeat","background-position":"center center","background-size":"auto","background-attachment":"scroll","background-type":"","background-media":"","overlay-type":"","overlay-color":"","overlay-opacity":"","overlay-gradient":""}},"footnotes":""},"class_list":["post-5945","page","type-page","status-publish","hentry"],"acf":[],"yoast_head":"<!-- This site is optimized with the Yoast SEO plugin v27.4 - https:\/\/yoast.com\/product\/yoast-seo-wordpress\/ -->\n<title>Buchung der Biertour \u00e4ndern - Lindeboom<\/title>\n<meta name=\"robots\" content=\"noindex, nofollow\" \/>\n<meta property=\"og:locale\" content=\"de_DE\" \/>\n<meta property=\"og:type\" content=\"article\" \/>\n<meta property=\"og:title\" content=\"Buchung der Biertour \u00e4ndern - Lindeboom\" \/>\n<meta property=\"og:description\" content=\"Reservierung einer Biertour \u00e4ndern\/stornieren Ist etwas dazwischen gekommen und Sie m\u00f6chten die Tournee verschieben oder absagen?Bitte f\u00fcllen Sie das untenstehende [&hellip;]\" \/>\n<meta property=\"og:url\" content=\"https:\/\/lindeboom.nl\/de\/buchung-der-biertour-aendern\/\" \/>\n<meta property=\"og:site_name\" content=\"Lindeboom\" \/>\n<meta property=\"article:modified_time\" content=\"2025-05-30T12:57:11+00:00\" \/>\n<meta name=\"twitter:card\" content=\"summary_large_image\" \/>\n<meta name=\"twitter:label1\" content=\"Gesch\u00e4tzte Lesezeit\" \/>\n\t<meta name=\"twitter:data1\" content=\"1\u00a0Minute\" \/>\n<script type=\"application\/ld+json\" class=\"yoast-schema-graph\">{\"@context\":\"https:\\\/\\\/schema.org\",\"@graph\":[{\"@type\":\"WebPage\",\"@id\":\"https:\\\/\\\/lindeboom.nl\\\/de\\\/buchung-der-biertour-aendern\\\/\",\"url\":\"https:\\\/\\\/lindeboom.nl\\\/de\\\/buchung-der-biertour-aendern\\\/\",\"name\":\"Buchung der Biertour \u00e4ndern - Lindeboom\",\"isPartOf\":{\"@id\":\"https:\\\/\\\/lindeboom.nl\\\/#website\"},\"datePublished\":\"2024-07-25T12:36:43+00:00\",\"dateModified\":\"2025-05-30T12:57:11+00:00\",\"breadcrumb\":{\"@id\":\"https:\\\/\\\/lindeboom.nl\\\/de\\\/buchung-der-biertour-aendern\\\/#breadcrumb\"},\"inLanguage\":\"de\",\"potentialAction\":[{\"@type\":\"ReadAction\",\"target\":[\"https:\\\/\\\/lindeboom.nl\\\/de\\\/buchung-der-biertour-aendern\\\/\"]}]},{\"@type\":\"BreadcrumbList\",\"@id\":\"https:\\\/\\\/lindeboom.nl\\\/de\\\/buchung-der-biertour-aendern\\\/#breadcrumb\",\"itemListElement\":[{\"@type\":\"ListItem\",\"position\":1,\"name\":\"Home\",\"item\":\"https:\\\/\\\/lindeboom.nl\\\/de\\\/\"},{\"@type\":\"ListItem\",\"position\":2,\"name\":\"Buchung der Biertour \u00e4ndern\"}]},{\"@type\":\"WebSite\",\"@id\":\"https:\\\/\\\/lindeboom.nl\\\/#website\",\"url\":\"https:\\\/\\\/lindeboom.nl\\\/\",\"name\":\"Lindeboom\",\"description\":\"&#039;t Bier van Hier\",\"publisher\":{\"@id\":\"https:\\\/\\\/lindeboom.nl\\\/#organization\"},\"potentialAction\":[{\"@type\":\"SearchAction\",\"target\":{\"@type\":\"EntryPoint\",\"urlTemplate\":\"https:\\\/\\\/lindeboom.nl\\\/?s={search_term_string}\"},\"query-input\":{\"@type\":\"PropertyValueSpecification\",\"valueRequired\":true,\"valueName\":\"search_term_string\"}}],\"inLanguage\":\"de\"},{\"@type\":\"Organization\",\"@id\":\"https:\\\/\\\/lindeboom.nl\\\/#organization\",\"name\":\"Lindeboom\",\"url\":\"https:\\\/\\\/lindeboom.nl\\\/\",\"logo\":{\"@type\":\"ImageObject\",\"inLanguage\":\"de\",\"@id\":\"https:\\\/\\\/lindeboom.nl\\\/#\\\/schema\\\/logo\\\/image\\\/\",\"url\":\"https:\\\/\\\/lindeboom.nl\\\/wp-content\\\/uploads\\\/2024\\\/01\\\/logo.svg\",\"contentUrl\":\"https:\\\/\\\/lindeboom.nl\\\/wp-content\\\/uploads\\\/2024\\\/01\\\/logo.svg\",\"caption\":\"Lindeboom\"},\"image\":{\"@id\":\"https:\\\/\\\/lindeboom.nl\\\/#\\\/schema\\\/logo\\\/image\\\/\"}}]}<\/script>\n<!-- \/ Yoast SEO plugin. -->","yoast_head_json":{"title":"Buchung der Biertour \u00e4ndern - Lindeboom","robots":{"index":"noindex","follow":"nofollow"},"og_locale":"de_DE","og_type":"article","og_title":"Buchung der Biertour \u00e4ndern - Lindeboom","og_description":"Reservierung einer Biertour \u00e4ndern\/stornieren Ist etwas dazwischen gekommen und Sie m\u00f6chten die Tournee verschieben oder absagen?Bitte f\u00fcllen Sie das untenstehende [&hellip;]","og_url":"https:\/\/lindeboom.nl\/de\/buchung-der-biertour-aendern\/","og_site_name":"Lindeboom","article_modified_time":"2025-05-30T12:57:11+00:00","twitter_card":"summary_large_image","twitter_misc":{"Gesch\u00e4tzte Lesezeit":"1\u00a0Minute"},"schema":{"@context":"https:\/\/schema.org","@graph":[{"@type":"WebPage","@id":"https:\/\/lindeboom.nl\/de\/buchung-der-biertour-aendern\/","url":"https:\/\/lindeboom.nl\/de\/buchung-der-biertour-aendern\/","name":"Buchung der Biertour \u00e4ndern - Lindeboom","isPartOf":{"@id":"https:\/\/lindeboom.nl\/#website"},"datePublished":"2024-07-25T12:36:43+00:00","dateModified":"2025-05-30T12:57:11+00:00","breadcrumb":{"@id":"https:\/\/lindeboom.nl\/de\/buchung-der-biertour-aendern\/#breadcrumb"},"inLanguage":"de","potentialAction":[{"@type":"ReadAction","target":["https:\/\/lindeboom.nl\/de\/buchung-der-biertour-aendern\/"]}]},{"@type":"BreadcrumbList","@id":"https:\/\/lindeboom.nl\/de\/buchung-der-biertour-aendern\/#breadcrumb","itemListElement":[{"@type":"ListItem","position":1,"name":"Home","item":"https:\/\/lindeboom.nl\/de\/"},{"@type":"ListItem","position":2,"name":"Buchung der Biertour \u00e4ndern"}]},{"@type":"WebSite","@id":"https:\/\/lindeboom.nl\/#website","url":"https:\/\/lindeboom.nl\/","name":"Lindeboom","description":"&#039;t Bier van Hier","publisher":{"@id":"https:\/\/lindeboom.nl\/#organization"},"potentialAction":[{"@type":"SearchAction","target":{"@type":"EntryPoint","urlTemplate":"https:\/\/lindeboom.nl\/?s={search_term_string}"},"query-input":{"@type":"PropertyValueSpecification","valueRequired":true,"valueName":"search_term_string"}}],"inLanguage":"de"},{"@type":"Organization","@id":"https:\/\/lindeboom.nl\/#organization","name":"Lindeboom","url":"https:\/\/lindeboom.nl\/","logo":{"@type":"ImageObject","inLanguage":"de","@id":"https:\/\/lindeboom.nl\/#\/schema\/logo\/image\/","url":"https:\/\/lindeboom.nl\/wp-content\/uploads\/2024\/01\/logo.svg","contentUrl":"https:\/\/lindeboom.nl\/wp-content\/uploads\/2024\/01\/logo.svg","caption":"Lindeboom"},"image":{"@id":"https:\/\/lindeboom.nl\/#\/schema\/logo\/image\/"}}]}},"_links":{"self":[{"href":"https:\/\/lindeboom.nl\/de\/wp-json\/wp\/v2\/pages\/5945","targetHints":{"allow":["GET"]}}],"collection":[{"href":"https:\/\/lindeboom.nl\/de\/wp-json\/wp\/v2\/pages"}],"about":[{"href":"https:\/\/lindeboom.nl\/de\/wp-json\/wp\/v2\/types\/page"}],"author":[{"embeddable":true,"href":"https:\/\/lindeboom.nl\/de\/wp-json\/wp\/v2\/users\/2"}],"replies":[{"embeddable":true,"href":"https:\/\/lindeboom.nl\/de\/wp-json\/wp\/v2\/comments?post=5945"}],"version-history":[{"count":1,"href":"https:\/\/lindeboom.nl\/de\/wp-json\/wp\/v2\/pages\/5945\/revisions"}],"predecessor-version":[{"id":5948,"href":"https:\/\/lindeboom.nl\/de\/wp-json\/wp\/v2\/pages\/5945\/revisions\/5948"}],"wp:attachment":[{"href":"https:\/\/lindeboom.nl\/de\/wp-json\/wp\/v2\/media?parent=5945"}],"curies":[{"name":"wp","href":"https:\/\/api.w.org\/{rel}","templated":true}]}}