{"id":6013,"date":"2024-09-05T15:37:45","date_gmt":"2024-09-05T13:37:45","guid":{"rendered":"https:\/\/lindeboom.nl\/erklaerung-zum-datenschutz\/"},"modified":"2025-06-06T13:00:21","modified_gmt":"2025-06-06T11:00:21","slug":"erklaerung-zum-datenschutz","status":"publish","type":"page","link":"https:\/\/lindeboom.nl\/de\/erklaerung-zum-datenschutz\/","title":{"rendered":"Erkl\u00e4rung zum Datenschutz"},"content":{"rendered":"\t\t<div data-elementor-type=\"wp-page\" data-elementor-id=\"6013\" class=\"elementor elementor-6013 elementor-3919\" data-elementor-post-type=\"page\">\n\t\t\t\t<div class=\"elementor-element elementor-element-a2e13e9 e-flex e-con-boxed e-con e-parent\" data-id=\"a2e13e9\" data-element_type=\"container\" data-e-type=\"container\">\n\t\t\t\t\t<div class=\"e-con-inner\">\n\t\t\t\t<div class=\"elementor-element elementor-element-c9aa517 elementor-widget elementor-widget-heading\" data-id=\"c9aa517\" data-element_type=\"widget\" data-e-type=\"widget\" data-widget_type=\"heading.default\">\n\t\t\t\t<div class=\"elementor-widget-container\">\n\t\t\t\t\t<h2 class=\"elementor-heading-title elementor-size-default\">Erkl\u00e4rung zum Datenschutz<\/h2>\t\t\t\t<\/div>\n\t\t\t\t<\/div>\n\t\t\t\t\t<\/div>\n\t\t\t\t<\/div>\n\t\t<div class=\"elementor-element elementor-element-db4f05a e-flex e-con-boxed e-con e-parent\" data-id=\"db4f05a\" data-element_type=\"container\" data-e-type=\"container\">\n\t\t\t\t\t<div class=\"e-con-inner\">\n\t\t\t\t<div class=\"elementor-element elementor-element-bd09484 elementor-widget elementor-widget-text-editor\" data-id=\"bd09484\" data-element_type=\"widget\" data-e-type=\"widget\" data-widget_type=\"text-editor.default\">\n\t\t\t\t<div class=\"elementor-widget-container\">\n\t\t\t\t\t\t\t\t\t<p>Die Lindeboom Bierbrouwerij mit Sitz in der Engelmanstraat 54, 6086 BD, Neer, ist verantwortlich f\u00fcr die Verarbeitung der personenbezogenen Daten, die in dieser Datenschutzerkl\u00e4rung aufgef\u00fchrt sind.<\/p><p><strong style=\"font-style: inherit; color: var( --e-global-color-text ); font-family: var( --e-global-typography-text-font-family ), Sans-serif; text-align: var(--text-align); background-color: var(--ast-global-color-5);\">Kontaktinformationen:<\/strong><\/p><p>Lindeboom Bierbrouwerij B.V., Engelmanstraat 54, 6086 BD, Neer<\/p><p>Tel: 0475592900 &#8211; https:\/\/www.lindeboom.nl<\/p><p><strong>Pers\u00f6nliche Daten, die wir verarbeiten<\/strong><\/p><p>Lindeboom Bierbrouwerij verarbeitet Ihre personenbezogenen Daten, weil Sie unsere Dienste nutzen und\/oder weil Sie uns diese Daten selbst zur Verf\u00fcgung stellen. Nachstehend finden Sie eine \u00dcbersicht \u00fcber die personenbezogenen Daten, die wir verarbeiten: <\/p><ul><li>Vorname und Nachname<\/li><li>Geburtsdatum<\/li><li>Adresse Details<\/li><li>Rufnummer<\/li><li>E-Mail Adresse<\/li><li>IP-Adresse<\/li><li>Andere pers\u00f6nliche Daten, die Sie uns aktiv zur Verf\u00fcgung stellen, z.B. durch die Erstellung eines Profils auf dieser Website, in der Korrespondenz und per Telefon<\/li><li>Details zum Standort<\/li><li>Daten \u00fcber Ihre Aktivit\u00e4ten auf unserer Website<\/li><li>Daten \u00fcber Ihr Surfverhalten auf verschiedenen Websites (z. B. weil dieses Unternehmen Teil eines Werbenetzwerks ist)<\/li><li>Internet-Browser und Ger\u00e4tetyp<\/li><\/ul><p><strong>Besondere und\/oder sensible pers\u00f6nliche Daten, die wir verarbeiten<\/strong><\/p><p>Unsere Website ist nicht f\u00fcr die Nutzung durch Personen unter 18 Jahren (\u201eKinder\u201c) bestimmt. Wir sammeln nicht wissentlich personenbezogene Daten von Kindern. Lindeboom Bierbrouwerij haftet nicht f\u00fcr die Folgen der Verarbeitung personenbezogener Daten von Kindern ohne die Zustimmung ihrer Eltern oder ihres Vormunds. Wenn wir feststellen, dass wir personenbezogene Daten von Kindern ohne die Zustimmung der Eltern oder des Vormunds gesammelt haben, werden wir Ma\u00dfnahmen ergreifen, um diese Daten von unseren Servern zu entfernen. Wenn Sie den Verdacht haben, dass Ihr Kind uns ohne Zustimmung personenbezogene Daten zur Verf\u00fcgung gestellt hat, kontaktieren Sie uns bitte \u00fcber unsere Kontaktdaten oben in dieser Datenschutzerkl\u00e4rung, und wir werden diese Informationen l\u00f6schen.    <\/p><p><strong>Zu welchem Zweck und auf welcher Grundlage wir personenbezogene Daten verarbeiten<\/strong><\/p><p>Lindeboom Bierbrouwerij verarbeitet Ihre personenbezogenen Daten f\u00fcr die folgenden Zwecke:<\/p><ul><li>Brauereibesichtigung<\/li><li>Newsletter verschicken<\/li><li>Sie anzurufen oder per E-Mail zu kontaktieren, falls dies zur Erbringung unserer Dienstleistungen erforderlich ist<\/li><li>Sie \u00fcber \u00c4nderungen an unseren Dienstleistungen und Produkten zu informieren<\/li><li>Lindeboom Bierbrouwerij analysiert Ihr Verhalten auf der Website, um die Website zu verbessern und das Angebot an Produkten und Dienstleistungen auf Ihre Pr\u00e4ferenzen zuzuschneiden.<\/li><li>Lindeboom Bierbrouwerij verarbeitet personenbezogene Daten auch, wenn wir gesetzlich dazu verpflichtet sind. Zum Beispiel, um steuerliche Verpflichtungen und das Verbot, Alkohol an Minderj\u00e4hrige zu verkaufen, zu erf\u00fcllen. Aus diesem Grund fragen wir Sie, ob Sie 18+ sind, wenn Sie unsere Website besuchen.  <\/li><\/ul><p><strong>Wie lange wir pers\u00f6nliche Daten aufbewahren<\/strong><\/p><p>Lindeboom Bierbrouwerij wird Ihre personenbezogenen Daten nicht l\u00e4nger aufbewahren, als es f\u00fcr die Erf\u00fcllung der Zwecke, f\u00fcr die Ihre Daten erhoben wurden, unbedingt erforderlich ist. Die Aufbewahrungsfrist f\u00fcr personenbezogene Daten h\u00e4ngt von dem Zweck ab, f\u00fcr den die personenbezogenen Daten verwendet werden. Sobald Ihre personenbezogenen Daten nicht mehr erforderlich sind, werden sie anonymisiert oder gel\u00f6scht. Wir geben einige Beispiele. Bestimmte personenbezogene Daten, die f\u00fcr steuerliche Zwecke verarbeitet werden, m\u00fcssen obligatorisch sieben Jahre lang aufbewahrt werden. Unser Kundenservice bewahrt die Daten f\u00fcr ein Jahr ab dem Datum auf, an dem die Frage oder Beschwerde gel\u00f6st oder die Anfrage abgeschlossen wurde. Die Daten von Besuchern werden f\u00fcr einen begrenzten Zeitraum nach dem Besuch aufbewahrt, und wenn unsere Kundenbeziehung mit Ihrem Unternehmen endet, l\u00f6schen wir die personenbezogenen Daten grunds\u00e4tzlich zwei Jahre nach dem Ende unserer Kundenbeziehung.      <\/p><p><strong>Schutz Ihrer Daten<\/strong><br>Der Schutz Ihrer Daten ist uns bei Lindeboom Bierbrouwerij ein wichtiges Anliegen. Wir haben daher geeignete technische und organisatorische Ma\u00dfnahmen ergriffen, um den Verlust, den Missbrauch oder die unrechtm\u00e4\u00dfige Verarbeitung personenbezogener Daten zu verhindern. Diese Ma\u00dfnahmen stehen im Einklang mit den geltenden Gesetzen und Vorschriften zum Datenschutz und zur Informationssicherheit.  <\/p><p>Obwohl wir alle Anstrengungen unternehmen, um Ihre Daten zu sch\u00fctzen, kann keine Website oder App vollst\u00e4ndige Sicherheit garantieren. Lindeboom Bierbrouwerij kann daher trotz der getroffenen Ma\u00dfnahmen nicht verantwortlich oder haftbar gemacht werden f\u00fcr unbefugten, unbefugten oder unerw\u00fcnschten Zugriff auf pers\u00f6nliche Daten, die sich unserer direkten Kontrolle entziehen. <\/p><p>Dar\u00fcber hinaus haftet Lindeboom Bierbrouwerij, au\u00dfer bei Vorsatz oder grober Fahrl\u00e4ssigkeit, nicht f\u00fcr Ungenauigkeiten oder die Folgen von Handlungen, die auf der Grundlage von unrichtigen oder unvollst\u00e4ndigen Angaben Ihrerseits vorgenommen wurden. Sie selbst sind f\u00fcr die Richtigkeit und Aktualisierung der pers\u00f6nlichen Daten, die Sie uns zur Verf\u00fcgung stellen, verantwortlich. <\/p><p><strong>Weitergabe pers\u00f6nlicher Daten an Dritte<\/strong><\/p><p>Lindeboom Bierbrouwerij verkauft Ihre Daten nicht an Dritte und stellt sie nur dann zur Verf\u00fcgung, wenn dies zur Erf\u00fcllung unseres Vertrags mit Ihnen oder zur Erf\u00fcllung einer gesetzlichen Verpflichtung erforderlich ist. Wir schlie\u00dfen eine Datenschutzvereinbarung mit Unternehmen ab, die Ihre Daten in unserem Auftrag verarbeiten, um das gleiche Ma\u00df an Sicherheit und Vertraulichkeit f\u00fcr Ihre Daten zu gew\u00e4hrleisten. Lindeboom Bierbrouwerij bleibt f\u00fcr diese Verarbeitung verantwortlich.  <\/p><p><strong>Cookies oder \u00e4hnliche Techniken, die wir verwenden<\/strong><\/p><p>Lindeboom Bierbrouwerij verwendet funktionale, analytische und Tracking-Cookies. Ein Cookie ist eine kleine Textdatei, die im Browser Ihres Computers, Tablets oder Smartphones gespeichert wird, wenn Sie diese Website zum ersten Mal besuchen. Sie sorgen daf\u00fcr, dass die Website ordnungsgem\u00e4\u00df funktioniert und dass z.B. Ihre Pr\u00e4ferenzen gespeichert werden. Diese Cookies werden auch verwendet, damit die Website ordnungsgem\u00e4\u00df funktioniert und um sie zu optimieren. Dar\u00fcber hinaus platzieren wir Cookies, die Ihr Surfverhalten verfolgen, damit wir Ihnen ma\u00dfgeschneiderte Inhalte und Werbung anbieten k\u00f6nnen. Bei Ihrem ersten Besuch auf unserer Website haben wir Sie bereits \u00fcber diese Cookies informiert und um Ihre Erlaubnis gebeten, sie zu platzieren. Sie k\u00f6nnen die Verwendung von Cookies ablehnen, indem Sie Ihren Internetbrowser so einstellen, dass keine Cookies mehr gespeichert werden. Sie k\u00f6nnen auch alle zuvor gespeicherten Informationen \u00fcber Ihre Browsereinstellungen l\u00f6schen.<br>Welche Cookies sammeln wir? Cookies werden auch von Dritten auf dieser Website platziert. Dazu geh\u00f6ren z.B. Werbetreibende und\/oder die Unternehmen der sozialen Medien. Nachfolgend finden Sie eine \u00dcbersicht:          <\/p><p>Quelle: Google Analytics<\/p><p>Zweck: Analytische Cookies zur Erfassung von Website-Statistiken und Nutzerverhalten. Standardm\u00e4\u00dfig vollst\u00e4ndig anonymisiert. <\/p><p>Aufbewahrungsfrist: bis zu 760 Tage*<\/p><p>Quelle: Facebook<\/p><p>Zweck: Tracking-Cookies f\u00fcr die Schaltung personalisierter Werbung und die Erfassung von Konversionsdaten.<\/p><p>Aufbewahrungsfrist: bis zu 180 Tage*<\/p><p>Quelle: DoubleClick<\/p><p>Zweck: Tracking-Cookies f\u00fcr die Schaltung personalisierter Werbung und die Erfassung von Konversionsdaten.<\/p><p>Aufbewahrungsfrist: bis zu 540 Tage*<\/p><p>Quelle: Google AdWords<\/p><p>Zweck: Tracking-Cookies f\u00fcr die Schaltung personalisierter Werbung und die Erfassung von Konversionsdaten.<\/p><p>Aufbewahrungsfrist: bis zu 540 Tage*<\/p><p>Quelle: Google Optimize<\/p><p>Zweck: Zus\u00e4tzliche analytische Cookies zum Testen und Optimieren der Benutzererfahrung auf der Website.<\/p><p>Aufbewahrungsfrist: bis zu 540 Tage*<\/p><p><em>* \u00c4nderungen durch Dritte sind vorbehalten.<\/em><\/p><p><strong>Daten ansehen, \u00e4ndern oder l\u00f6schen<\/strong><\/p><p>Sie haben das Recht auf Einsichtnahme, Berichtigung und Widerspruch gegen die Verarbeitung Ihrer personenbezogenen Daten durch uns. Das bedeutet, dass Sie fragen k\u00f6nnen, welche pers\u00f6nlichen Daten wir \u00fcber Sie speichern und wof\u00fcr wir sie verwenden. Der einfachste Weg, dies zu tun, ist, uns unter lindeboom@lindeboom.nl zu kontaktieren und uns dort Ihre Frage zu stellen.  <\/p><p>Sie k\u00f6nnen Ihre Beschwerden auch an lindeboom@lindeboom.nl senden. Wir werden nat\u00fcrlich versuchen, diese so schnell und so gut wie m\u00f6glich zu l\u00f6sen. Sollten Sie mit unserer L\u00f6sung nicht zufrieden sein, k\u00f6nnen Sie auch eine Beschwerde bei der Beh\u00f6rde f\u00fcr personenbezogene Daten einreichen. Bevor wir eine Anfrage bearbeiten k\u00f6nnen, ben\u00f6tigen wir m\u00f6glicherweise weitere Informationen, um Ihre Identit\u00e4t festzustellen. Wir werden Sie dann um diese Informationen bitten.    <\/p><p><strong>Wie wir pers\u00f6nliche Daten sch\u00fctzen<\/strong><\/p><p>Lindeboom Bierbrouwerij nimmt den Schutz Ihrer Daten ernst und ergreift geeignete Ma\u00dfnahmen, um Missbrauch, Verlust, unbefugtem Zugriff, unerw\u00fcnschter Offenlegung und unbefugter \u00c4nderung entgegenzuwirken. Wenn Sie das Gef\u00fchl haben, dass Ihre Daten nicht ordnungsgem\u00e4\u00df gesichert sind oder es Anzeichen f\u00fcr einen Missbrauch gibt, kontaktieren Sie uns bitte \u00fcber lindeboom@lindeboom.nl. <\/p><p><strong>\u00c4nderung der Datenschutzerkl\u00e4rung<\/strong><\/p><p>Lindeboom Bierbrouwerij kann \u00c4nderungen an dieser Datenschutzerkl\u00e4rung vornehmen. Wir empfehlen Ihnen daher, regelm\u00e4\u00dfig nach \u00c4nderungen zu suchen. Wir werden Sie \u00fcber alle \u00c4nderungen an dieser Datenschutzerkl\u00e4rung informieren, die sich wesentlich auf Sie auswirken.  <\/p><p>Diese Datenschutzerkl\u00e4rung wurde zuletzt ge\u00e4ndert am: 15. November 2024<\/p>\t\t\t\t\t\t\t\t<\/div>\n\t\t\t\t<\/div>\n\t\t\t\t\t<\/div>\n\t\t\t\t<\/div>\n\t\t\t\t<\/div>\n\t\t","protected":false},"excerpt":{"rendered":"<p>Erkl\u00e4rung zum Datenschutz Die Lindeboom Bierbrouwerij mit Sitz in der Engelmanstraat 54, 6086 BD, Neer, ist verantwortlich f\u00fcr die Verarbeitung [&hellip;]<\/p>\n","protected":false},"author":2,"featured_media":0,"parent":0,"menu_order":0,"comment_status":"closed","ping_status":"closed","template":"elementor_header_footer","meta":{"_acf_changed":false,"inline_featured_image":false,"site-sidebar-layout":"no-sidebar","site-content-layout":"","ast-site-content-layout":"full-width-container","site-content-style":"default","site-sidebar-style":"default","ast-global-header-display":"","ast-banner-title-visibility":"","ast-main-header-display":"","ast-hfb-above-header-display":"","ast-hfb-below-header-display":"","ast-hfb-mobile-header-display":"","site-post-title":"disabled","ast-breadcrumbs-content":"","ast-featured-img":"disabled","footer-sml-layout":"","theme-transparent-header-meta":"","adv-header-id-meta":"","stick-header-meta":"","header-above-stick-meta":"","header-main-stick-meta":"","header-below-stick-meta":"","astra-migrate-meta-layouts":"default","ast-page-background-enabled":"default","ast-page-background-meta":{"desktop":{"background-color":"var(--ast-global-color-4)","background-image":"","background-repeat":"repeat","background-position":"center center","background-size":"auto","background-attachment":"scroll","background-type":"","background-media":"","overlay-type":"","overlay-color":"","overlay-opacity":"","overlay-gradient":""},"tablet":{"background-color":"","background-image":"","background-repeat":"repeat","background-position":"center center","background-size":"auto","background-attachment":"scroll","background-type":"","background-media":"","overlay-type":"","overlay-color":"","overlay-opacity":"","overlay-gradient":""},"mobile":{"background-color":"","background-image":"","background-repeat":"repeat","background-position":"center center","background-size":"auto","background-attachment":"scroll","background-type":"","background-media":"","overlay-type":"","overlay-color":"","overlay-opacity":"","overlay-gradient":""}},"ast-content-background-meta":{"desktop":{"background-color":"var(--ast-global-color-5)","background-image":"","background-repeat":"repeat","background-position":"center center","background-size":"auto","background-attachment":"scroll","background-type":"","background-media":"","overlay-type":"","overlay-color":"","overlay-opacity":"","overlay-gradient":""},"tablet":{"background-color":"var(--ast-global-color-5)","background-image":"","background-repeat":"repeat","background-position":"center center","background-size":"auto","background-attachment":"scroll","background-type":"","background-media":"","overlay-type":"","overlay-color":"","overlay-opacity":"","overlay-gradient":""},"mobile":{"background-color":"var(--ast-global-color-5)","background-image":"","background-repeat":"repeat","background-position":"center center","background-size":"auto","background-attachment":"scroll","background-type":"","background-media":"","overlay-type":"","overlay-color":"","overlay-opacity":"","overlay-gradient":""}},"footnotes":""},"class_list":["post-6013","page","type-page","status-publish","hentry"],"acf":[],"yoast_head":"<!-- This site is optimized with the Yoast SEO plugin v27.4 - https:\/\/yoast.com\/product\/yoast-seo-wordpress\/ -->\n<title>Erkl\u00e4rung zum Datenschutz - Lindeboom<\/title>\n<meta name=\"robots\" content=\"index, follow, max-snippet:-1, max-image-preview:large, max-video-preview:-1\" \/>\n<link rel=\"canonical\" href=\"https:\/\/lindeboom.nl\/de\/erklaerung-zum-datenschutz\/\" \/>\n<meta property=\"og:locale\" content=\"de_DE\" \/>\n<meta property=\"og:type\" content=\"article\" \/>\n<meta property=\"og:title\" content=\"Erkl\u00e4rung zum Datenschutz - Lindeboom\" \/>\n<meta property=\"og:description\" content=\"Erkl\u00e4rung zum Datenschutz Die Lindeboom Bierbrouwerij mit Sitz in der Engelmanstraat 54, 6086 BD, Neer, ist verantwortlich f\u00fcr die Verarbeitung [&hellip;]\" \/>\n<meta property=\"og:url\" content=\"https:\/\/lindeboom.nl\/de\/erklaerung-zum-datenschutz\/\" \/>\n<meta property=\"og:site_name\" content=\"Lindeboom\" \/>\n<meta property=\"article:modified_time\" content=\"2025-06-06T11:00:21+00:00\" \/>\n<meta name=\"twitter:card\" content=\"summary_large_image\" \/>\n<meta name=\"twitter:label1\" content=\"Gesch\u00e4tzte Lesezeit\" \/>\n\t<meta name=\"twitter:data1\" content=\"7\u00a0Minuten\" \/>\n<script type=\"application\/ld+json\" class=\"yoast-schema-graph\">{\"@context\":\"https:\\\/\\\/schema.org\",\"@graph\":[{\"@type\":\"WebPage\",\"@id\":\"https:\\\/\\\/lindeboom.nl\\\/de\\\/erklaerung-zum-datenschutz\\\/\",\"url\":\"https:\\\/\\\/lindeboom.nl\\\/de\\\/erklaerung-zum-datenschutz\\\/\",\"name\":\"Erkl\u00e4rung zum Datenschutz - Lindeboom\",\"isPartOf\":{\"@id\":\"https:\\\/\\\/lindeboom.nl\\\/#website\"},\"datePublished\":\"2024-09-05T13:37:45+00:00\",\"dateModified\":\"2025-06-06T11:00:21+00:00\",\"breadcrumb\":{\"@id\":\"https:\\\/\\\/lindeboom.nl\\\/de\\\/erklaerung-zum-datenschutz\\\/#breadcrumb\"},\"inLanguage\":\"de\",\"potentialAction\":[{\"@type\":\"ReadAction\",\"target\":[\"https:\\\/\\\/lindeboom.nl\\\/de\\\/erklaerung-zum-datenschutz\\\/\"]}]},{\"@type\":\"BreadcrumbList\",\"@id\":\"https:\\\/\\\/lindeboom.nl\\\/de\\\/erklaerung-zum-datenschutz\\\/#breadcrumb\",\"itemListElement\":[{\"@type\":\"ListItem\",\"position\":1,\"name\":\"Home\",\"item\":\"https:\\\/\\\/lindeboom.nl\\\/de\\\/\"},{\"@type\":\"ListItem\",\"position\":2,\"name\":\"Erkl\u00e4rung zum Datenschutz\"}]},{\"@type\":\"WebSite\",\"@id\":\"https:\\\/\\\/lindeboom.nl\\\/#website\",\"url\":\"https:\\\/\\\/lindeboom.nl\\\/\",\"name\":\"Lindeboom\",\"description\":\"&#039;t Bier van Hier\",\"publisher\":{\"@id\":\"https:\\\/\\\/lindeboom.nl\\\/#organization\"},\"potentialAction\":[{\"@type\":\"SearchAction\",\"target\":{\"@type\":\"EntryPoint\",\"urlTemplate\":\"https:\\\/\\\/lindeboom.nl\\\/?s={search_term_string}\"},\"query-input\":{\"@type\":\"PropertyValueSpecification\",\"valueRequired\":true,\"valueName\":\"search_term_string\"}}],\"inLanguage\":\"de\"},{\"@type\":\"Organization\",\"@id\":\"https:\\\/\\\/lindeboom.nl\\\/#organization\",\"name\":\"Lindeboom\",\"url\":\"https:\\\/\\\/lindeboom.nl\\\/\",\"logo\":{\"@type\":\"ImageObject\",\"inLanguage\":\"de\",\"@id\":\"https:\\\/\\\/lindeboom.nl\\\/#\\\/schema\\\/logo\\\/image\\\/\",\"url\":\"https:\\\/\\\/lindeboom.nl\\\/wp-content\\\/uploads\\\/2024\\\/01\\\/logo.svg\",\"contentUrl\":\"https:\\\/\\\/lindeboom.nl\\\/wp-content\\\/uploads\\\/2024\\\/01\\\/logo.svg\",\"caption\":\"Lindeboom\"},\"image\":{\"@id\":\"https:\\\/\\\/lindeboom.nl\\\/#\\\/schema\\\/logo\\\/image\\\/\"}}]}<\/script>\n<!-- \/ Yoast SEO plugin. -->","yoast_head_json":{"title":"Erkl\u00e4rung zum Datenschutz - Lindeboom","robots":{"index":"index","follow":"follow","max-snippet":"max-snippet:-1","max-image-preview":"max-image-preview:large","max-video-preview":"max-video-preview:-1"},"canonical":"https:\/\/lindeboom.nl\/de\/erklaerung-zum-datenschutz\/","og_locale":"de_DE","og_type":"article","og_title":"Erkl\u00e4rung zum Datenschutz - Lindeboom","og_description":"Erkl\u00e4rung zum Datenschutz Die Lindeboom Bierbrouwerij mit Sitz in der Engelmanstraat 54, 6086 BD, Neer, ist verantwortlich f\u00fcr die Verarbeitung [&hellip;]","og_url":"https:\/\/lindeboom.nl\/de\/erklaerung-zum-datenschutz\/","og_site_name":"Lindeboom","article_modified_time":"2025-06-06T11:00:21+00:00","twitter_card":"summary_large_image","twitter_misc":{"Gesch\u00e4tzte Lesezeit":"7\u00a0Minuten"},"schema":{"@context":"https:\/\/schema.org","@graph":[{"@type":"WebPage","@id":"https:\/\/lindeboom.nl\/de\/erklaerung-zum-datenschutz\/","url":"https:\/\/lindeboom.nl\/de\/erklaerung-zum-datenschutz\/","name":"Erkl\u00e4rung zum Datenschutz - Lindeboom","isPartOf":{"@id":"https:\/\/lindeboom.nl\/#website"},"datePublished":"2024-09-05T13:37:45+00:00","dateModified":"2025-06-06T11:00:21+00:00","breadcrumb":{"@id":"https:\/\/lindeboom.nl\/de\/erklaerung-zum-datenschutz\/#breadcrumb"},"inLanguage":"de","potentialAction":[{"@type":"ReadAction","target":["https:\/\/lindeboom.nl\/de\/erklaerung-zum-datenschutz\/"]}]},{"@type":"BreadcrumbList","@id":"https:\/\/lindeboom.nl\/de\/erklaerung-zum-datenschutz\/#breadcrumb","itemListElement":[{"@type":"ListItem","position":1,"name":"Home","item":"https:\/\/lindeboom.nl\/de\/"},{"@type":"ListItem","position":2,"name":"Erkl\u00e4rung zum Datenschutz"}]},{"@type":"WebSite","@id":"https:\/\/lindeboom.nl\/#website","url":"https:\/\/lindeboom.nl\/","name":"Lindeboom","description":"&#039;t Bier van Hier","publisher":{"@id":"https:\/\/lindeboom.nl\/#organization"},"potentialAction":[{"@type":"SearchAction","target":{"@type":"EntryPoint","urlTemplate":"https:\/\/lindeboom.nl\/?s={search_term_string}"},"query-input":{"@type":"PropertyValueSpecification","valueRequired":true,"valueName":"search_term_string"}}],"inLanguage":"de"},{"@type":"Organization","@id":"https:\/\/lindeboom.nl\/#organization","name":"Lindeboom","url":"https:\/\/lindeboom.nl\/","logo":{"@type":"ImageObject","inLanguage":"de","@id":"https:\/\/lindeboom.nl\/#\/schema\/logo\/image\/","url":"https:\/\/lindeboom.nl\/wp-content\/uploads\/2024\/01\/logo.svg","contentUrl":"https:\/\/lindeboom.nl\/wp-content\/uploads\/2024\/01\/logo.svg","caption":"Lindeboom"},"image":{"@id":"https:\/\/lindeboom.nl\/#\/schema\/logo\/image\/"}}]}},"_links":{"self":[{"href":"https:\/\/lindeboom.nl\/de\/wp-json\/wp\/v2\/pages\/6013","targetHints":{"allow":["GET"]}}],"collection":[{"href":"https:\/\/lindeboom.nl\/de\/wp-json\/wp\/v2\/pages"}],"about":[{"href":"https:\/\/lindeboom.nl\/de\/wp-json\/wp\/v2\/types\/page"}],"author":[{"embeddable":true,"href":"https:\/\/lindeboom.nl\/de\/wp-json\/wp\/v2\/users\/2"}],"replies":[{"embeddable":true,"href":"https:\/\/lindeboom.nl\/de\/wp-json\/wp\/v2\/comments?post=6013"}],"version-history":[{"count":1,"href":"https:\/\/lindeboom.nl\/de\/wp-json\/wp\/v2\/pages\/6013\/revisions"}],"predecessor-version":[{"id":6014,"href":"https:\/\/lindeboom.nl\/de\/wp-json\/wp\/v2\/pages\/6013\/revisions\/6014"}],"wp:attachment":[{"href":"https:\/\/lindeboom.nl\/de\/wp-json\/wp\/v2\/media?parent=6013"}],"curies":[{"name":"wp","href":"https:\/\/api.w.org\/{rel}","templated":true}]}}