{"id":6059,"date":"2024-01-23T13:49:27","date_gmt":"2024-01-23T12:49:27","guid":{"rendered":"https:\/\/lindeboom.nl\/brewers\/"},"modified":"2025-07-08T14:09:49","modified_gmt":"2025-07-08T12:09:49","slug":"brewers","status":"publish","type":"page","link":"https:\/\/lindeboom.nl\/de\/brewers\/","title":{"rendered":"Bierbrauer"},"content":{"rendered":"\t\t<div data-elementor-type=\"wp-page\" data-elementor-id=\"6059\" class=\"elementor elementor-6059 elementor-14\" data-elementor-post-type=\"page\">\n\t\t\t\t<div class=\"elementor-element elementor-element-c874e60 e-flex e-con-boxed e-con e-parent\" data-id=\"c874e60\" data-element_type=\"container\" data-e-type=\"container\">\n\t\t\t\t\t<div class=\"e-con-inner\">\n\t\t<div class=\"elementor-element elementor-element-5a1668d e-flex e-con-boxed e-con e-child\" data-id=\"5a1668d\" data-element_type=\"container\" data-e-type=\"container\" data-settings=\"{&quot;background_background&quot;:&quot;classic&quot;}\">\n\t\t\t\t\t<div class=\"e-con-inner\">\n\t\t<div class=\"elementor-element elementor-element-102c410 e-con-full e-flex e-con e-child\" data-id=\"102c410\" data-element_type=\"container\" data-e-type=\"container\">\n\t\t\t\t<div class=\"elementor-element elementor-element-89d03f8 elementor-widget__width-initial elementor-widget elementor-widget-heading\" data-id=\"89d03f8\" data-element_type=\"widget\" data-e-type=\"widget\" data-widget_type=\"heading.default\">\n\t\t\t\t<div class=\"elementor-widget-container\">\n\t\t\t\t\t<h1 class=\"elementor-heading-title elementor-size-default\">Bierbrauer<\/h1>\t\t\t\t<\/div>\n\t\t\t\t<\/div>\n\t\t\t\t<div class=\"elementor-element elementor-element-749b97d elementor-widget__width-initial elementor-widget elementor-widget-text-editor\" data-id=\"749b97d\" data-element_type=\"widget\" data-e-type=\"widget\" data-widget_type=\"text-editor.default\">\n\t\t\t\t<div class=\"elementor-widget-container\">\n\t\t\t\t\t\t\t\t\tTraditionelle Braukunst seit 1870\t\t\t\t\t\t\t\t<\/div>\n\t\t\t\t<\/div>\n\t\t\t\t<\/div>\n\t\t<div class=\"elementor-element elementor-element-a12831f e-con-full e-flex e-con e-child\" data-id=\"a12831f\" data-element_type=\"container\" data-e-type=\"container\">\n\t\t\t\t<\/div>\n\t\t\t\t\t<\/div>\n\t\t\t\t<\/div>\n\t\t\t\t\t<\/div>\n\t\t\t\t<\/div>\n\t\t<div class=\"elementor-element elementor-element-1823a30 e-flex e-con-boxed e-con e-parent\" data-id=\"1823a30\" data-element_type=\"container\" data-e-type=\"container\">\n\t\t\t\t\t<div class=\"e-con-inner\">\n\t\t<div class=\"elementor-element elementor-element-36199de e-con-full e-flex e-con e-child\" data-id=\"36199de\" data-element_type=\"container\" data-e-type=\"container\" data-settings=\"{&quot;background_background&quot;:&quot;classic&quot;}\">\n\t\t\t\t<div class=\"elementor-element elementor-element-67f088e elementor-widget elementor-widget-image\" data-id=\"67f088e\" data-element_type=\"widget\" data-e-type=\"widget\" data-widget_type=\"image.default\">\n\t\t\t\t<div class=\"elementor-widget-container\">\n\t\t\t\t\t\t\t\t\t\t\t\t\t\t\t<img fetchpriority=\"high\" decoding=\"async\" width=\"1024\" height=\"819\" src=\"https:\/\/lindeboom.nl\/wp-content\/uploads\/2024\/02\/Brouwer-Marcel-02-ZW-1024x819.jpg\" class=\"attachment-large size-large wp-image-5239\" alt=\"\" srcset=\"https:\/\/lindeboom.nl\/wp-content\/uploads\/2024\/02\/Brouwer-Marcel-02-ZW-1024x819.jpg 1024w, https:\/\/lindeboom.nl\/wp-content\/uploads\/2024\/02\/Brouwer-Marcel-02-ZW-300x240.jpg 300w, https:\/\/lindeboom.nl\/wp-content\/uploads\/2024\/02\/Brouwer-Marcel-02-ZW-768x614.jpg 768w, https:\/\/lindeboom.nl\/wp-content\/uploads\/2024\/02\/Brouwer-Marcel-02-ZW-1536x1228.jpg 1536w, https:\/\/lindeboom.nl\/wp-content\/uploads\/2024\/02\/Brouwer-Marcel-02-ZW-2048x1637.jpg 2048w\" sizes=\"(max-width: 1024px) 100vw, 1024px\" \/>\t\t\t\t\t\t\t\t\t\t\t\t\t\t\t<\/div>\n\t\t\t\t<\/div>\n\t\t\t\t<div class=\"elementor-element elementor-element-6c8cc64 elementor-widget__width-initial elementor-widget elementor-widget-text-editor\" data-id=\"6c8cc64\" data-element_type=\"widget\" data-e-type=\"widget\" data-widget_type=\"text-editor.default\">\n\t\t\t\t<div class=\"elementor-widget-container\">\n\t\t\t\t\t\t\t\t\t<p>\u201eGouverneur Dubbel zu brauen ist f\u00fcr mich jedes Mal ein besonderes Erlebnis, ein Tag, auf den ich mich freue. W\u00e4hrend des Brauprozesses, wenn die vier verschiedenen Malzsorten zusammenkommen, erf\u00fcllen die reichen Aromen die Brauerei. Dann wei\u00df man schon, dass etwas Gutes dabei herauskommt. Es ist diese Ausgewogenheit zwischen den vollen, s\u00fc\u00dflichen Noten und dem frischen Hopfen, die das Brauen dieser Biersorte so interessant macht. Jeder Schritt des Brauprozesses tr\u00e4gt zum intensiven Geschmackserlebnis bei, das schlie\u00dflich im Glas zum Leben erwacht. Dass dieses Bier sowohl nationale als auch internationale Auszeichnungen erhalten hat, macht mich stolz. Es ist eine Best\u00e4tigung daf\u00fcr, dass unsere harte Arbeit und unsere Braukunst gesch\u00e4tzt werden.\u201c<b><br><\/b><br><em>Marcel Pex, Bierbrauer<\/em><\/p>\t\t\t\t\t\t\t\t<\/div>\n\t\t\t\t<\/div>\n\t\t\t\t<\/div>\n\t\t<div class=\"elementor-element elementor-element-96b9801 e-con-full e-flex e-con e-child\" data-id=\"96b9801\" data-element_type=\"container\" data-e-type=\"container\" data-settings=\"{&quot;background_background&quot;:&quot;classic&quot;}\">\n\t\t\t\t<div class=\"elementor-element elementor-element-6a7d245 elementor-widget elementor-widget-image\" data-id=\"6a7d245\" data-element_type=\"widget\" data-e-type=\"widget\" data-widget_type=\"image.default\">\n\t\t\t\t<div class=\"elementor-widget-container\">\n\t\t\t\t\t\t\t\t\t\t\t\t\t\t\t<img decoding=\"async\" width=\"1024\" height=\"790\" src=\"https:\/\/lindeboom.nl\/wp-content\/uploads\/2024\/02\/Lindeboom-brouwen-02-FC-1024x790.jpg\" class=\"attachment-large size-large wp-image-6065\" alt=\"\" srcset=\"https:\/\/lindeboom.nl\/wp-content\/uploads\/2024\/02\/Lindeboom-brouwen-02-FC-1024x790.jpg 1024w, https:\/\/lindeboom.nl\/wp-content\/uploads\/2024\/02\/Lindeboom-brouwen-02-FC-300x232.jpg 300w, https:\/\/lindeboom.nl\/wp-content\/uploads\/2024\/02\/Lindeboom-brouwen-02-FC-768x593.jpg 768w, https:\/\/lindeboom.nl\/wp-content\/uploads\/2024\/02\/Lindeboom-brouwen-02-FC-1536x1185.jpg 1536w, https:\/\/lindeboom.nl\/wp-content\/uploads\/2024\/02\/Lindeboom-brouwen-02-FC-2048x1581.jpg 2048w\" sizes=\"(max-width: 1024px) 100vw, 1024px\" \/>\t\t\t\t\t\t\t\t\t\t\t\t\t\t\t<\/div>\n\t\t\t\t<\/div>\n\t\t\t\t<div class=\"elementor-element elementor-element-0c6bbd0 elementor-widget__width-initial elementor-widget elementor-widget-text-editor\" data-id=\"0c6bbd0\" data-element_type=\"widget\" data-e-type=\"widget\" data-widget_type=\"text-editor.default\">\n\t\t\t\t<div class=\"elementor-widget-container\">\n\t\t\t\t\t\t\t\t\t<p>\u201eF\u00fcnf Generationen traditioneller Braukunst und Bierleidenschaft untermauern unser Engagement, die besten Biere zu brauen. Als Anerkennung f\u00fcr dieses Engagement wurde unsere Brauerei mit dem Slow Brewing-G\u00fctesiegel ausgezeichnet. In unserem Familienbetrieb sind wir seit Jahren davon \u00fcberzeugt, dass Zeit der Schl\u00fcssel zur Qualit\u00e4t ist. Denn indem wir unsere Biere mindestens sechs Wochen lang lagern, haben die nat\u00fcrlichen Aromen im Bier Zeit, sich optimal zu entwickeln. Zeit ist Qualit\u00e4t.\u201c<br><b><\/b><\/p><p><em>Marko Versteeg, Braumeister<\/em><\/p>\t\t\t\t\t\t\t\t<\/div>\n\t\t\t\t<\/div>\n\t\t\t\t<\/div>\n\t\t\t\t\t<\/div>\n\t\t\t\t<\/div>\n\t\t\t\t<\/div>\n\t\t","protected":false},"excerpt":{"rendered":"<p>Bierbrauer Traditionelle Braukunst seit 1870 \u201eGouverneur Dubbel zu brauen ist f\u00fcr mich jedes Mal ein besonderes Erlebnis, ein Tag, auf [&hellip;]<\/p>\n","protected":false},"author":1,"featured_media":6064,"parent":0,"menu_order":0,"comment_status":"closed","ping_status":"closed","template":"","meta":{"_acf_changed":false,"inline_featured_image":false,"site-sidebar-layout":"no-sidebar","site-content-layout":"","ast-site-content-layout":"full-width-container","site-content-style":"default","site-sidebar-style":"default","ast-global-header-display":"","ast-banner-title-visibility":"","ast-main-header-display":"","ast-hfb-above-header-display":"","ast-hfb-below-header-display":"","ast-hfb-mobile-header-display":"","site-post-title":"disabled","ast-breadcrumbs-content":"","ast-featured-img":"disabled","footer-sml-layout":"","theme-transparent-header-meta":"","adv-header-id-meta":"","stick-header-meta":"","header-above-stick-meta":"","header-main-stick-meta":"","header-below-stick-meta":"","astra-migrate-meta-layouts":"default","ast-page-background-enabled":"default","ast-page-background-meta":{"desktop":{"background-color":"var(--ast-global-color-4)","background-image":"","background-repeat":"repeat","background-position":"center center","background-size":"auto","background-attachment":"scroll","background-type":"","background-media":"","overlay-type":"","overlay-color":"","overlay-opacity":"","overlay-gradient":""},"tablet":{"background-color":"","background-image":"","background-repeat":"repeat","background-position":"center center","background-size":"auto","background-attachment":"scroll","background-type":"","background-media":"","overlay-type":"","overlay-color":"","overlay-opacity":"","overlay-gradient":""},"mobile":{"background-color":"","background-image":"","background-repeat":"repeat","background-position":"center center","background-size":"auto","background-attachment":"scroll","background-type":"","background-media":"","overlay-type":"","overlay-color":"","overlay-opacity":"","overlay-gradient":""}},"ast-content-background-meta":{"desktop":{"background-color":"var(--ast-global-color-5)","background-image":"","background-repeat":"repeat","background-position":"center center","background-size":"auto","background-attachment":"scroll","background-type":"","background-media":"","overlay-type":"","overlay-color":"","overlay-opacity":"","overlay-gradient":""},"tablet":{"background-color":"var(--ast-global-color-5)","background-image":"","background-repeat":"repeat","background-position":"center center","background-size":"auto","background-attachment":"scroll","background-type":"","background-media":"","overlay-type":"","overlay-color":"","overlay-opacity":"","overlay-gradient":""},"mobile":{"background-color":"var(--ast-global-color-5)","background-image":"","background-repeat":"repeat","background-position":"center center","background-size":"auto","background-attachment":"scroll","background-type":"","background-media":"","overlay-type":"","overlay-color":"","overlay-opacity":"","overlay-gradient":""}},"footnotes":""},"class_list":["post-6059","page","type-page","status-publish","has-post-thumbnail","hentry"],"acf":[],"yoast_head":"<!-- This site is optimized with the Yoast SEO plugin v27.4 - https:\/\/yoast.com\/product\/yoast-seo-wordpress\/ -->\n<title>Bierbrauer - Lindeboom Brauerei<\/title>\n<meta name=\"description\" content=\"Treffen Sie die Brauer von Lindeboom. Lesen Sie \u00fcber ihre Leidenschaft und die Geschichten hinter den Brauprozessen. Kosten Sie die Liebe zum Bier!\" \/>\n<meta name=\"robots\" content=\"index, follow, max-snippet:-1, max-image-preview:large, max-video-preview:-1\" \/>\n<link rel=\"canonical\" href=\"https:\/\/lindeboom.nl\/de\/brewers\/\" \/>\n<meta property=\"og:locale\" content=\"de_DE\" \/>\n<meta property=\"og:type\" content=\"article\" \/>\n<meta property=\"og:title\" content=\"Bierbrauer - Lindeboom Brauerei\" \/>\n<meta property=\"og:description\" content=\"Treffen Sie die Brauer von Lindeboom. Lesen Sie \u00fcber ihre Leidenschaft und die Geschichten hinter den Brauprozessen. Kosten Sie die Liebe zum Bier!\" \/>\n<meta property=\"og:url\" content=\"https:\/\/lindeboom.nl\/de\/brewers\/\" \/>\n<meta property=\"og:site_name\" content=\"Lindeboom\" \/>\n<meta property=\"article:modified_time\" content=\"2025-07-08T12:09:49+00:00\" \/>\n<meta property=\"og:image\" content=\"https:\/\/lindeboom.nl\/wp-content\/uploads\/2024\/08\/Brouwers-Lindeboom-Bierbrouwerij-1200x630-1.png\" \/>\n\t<meta property=\"og:image:width\" content=\"1200\" \/>\n\t<meta property=\"og:image:height\" content=\"630\" \/>\n\t<meta property=\"og:image:type\" content=\"image\/png\" \/>\n<meta name=\"twitter:card\" content=\"summary_large_image\" \/>\n<meta name=\"twitter:label1\" content=\"Gesch\u00e4tzte Lesezeit\" \/>\n\t<meta name=\"twitter:data1\" content=\"1\u00a0Minute\" \/>\n<script type=\"application\/ld+json\" class=\"yoast-schema-graph\">{\"@context\":\"https:\\\/\\\/schema.org\",\"@graph\":[{\"@type\":\"WebPage\",\"@id\":\"https:\\\/\\\/lindeboom.nl\\\/de\\\/brewers\\\/\",\"url\":\"https:\\\/\\\/lindeboom.nl\\\/de\\\/brewers\\\/\",\"name\":\"Bierbrauer - Lindeboom Brauerei\",\"isPartOf\":{\"@id\":\"https:\\\/\\\/lindeboom.nl\\\/#website\"},\"primaryImageOfPage\":{\"@id\":\"https:\\\/\\\/lindeboom.nl\\\/de\\\/brewers\\\/#primaryimage\"},\"image\":{\"@id\":\"https:\\\/\\\/lindeboom.nl\\\/de\\\/brewers\\\/#primaryimage\"},\"thumbnailUrl\":\"https:\\\/\\\/lindeboom.nl\\\/wp-content\\\/uploads\\\/2024\\\/08\\\/Brouwers-Lindeboom-Bierbrouwerij-1200x630-1.png\",\"datePublished\":\"2024-01-23T12:49:27+00:00\",\"dateModified\":\"2025-07-08T12:09:49+00:00\",\"description\":\"Treffen Sie die Brauer von Lindeboom. Lesen Sie \u00fcber ihre Leidenschaft und die Geschichten hinter den Brauprozessen. Kosten Sie die Liebe zum Bier!\",\"breadcrumb\":{\"@id\":\"https:\\\/\\\/lindeboom.nl\\\/de\\\/brewers\\\/#breadcrumb\"},\"inLanguage\":\"de\",\"potentialAction\":[{\"@type\":\"ReadAction\",\"target\":[\"https:\\\/\\\/lindeboom.nl\\\/de\\\/brewers\\\/\"]}]},{\"@type\":\"ImageObject\",\"inLanguage\":\"de\",\"@id\":\"https:\\\/\\\/lindeboom.nl\\\/de\\\/brewers\\\/#primaryimage\",\"url\":\"https:\\\/\\\/lindeboom.nl\\\/wp-content\\\/uploads\\\/2024\\\/08\\\/Brouwers-Lindeboom-Bierbrouwerij-1200x630-1.png\",\"contentUrl\":\"https:\\\/\\\/lindeboom.nl\\\/wp-content\\\/uploads\\\/2024\\\/08\\\/Brouwers-Lindeboom-Bierbrouwerij-1200x630-1.png\",\"width\":1200,\"height\":630},{\"@type\":\"BreadcrumbList\",\"@id\":\"https:\\\/\\\/lindeboom.nl\\\/de\\\/brewers\\\/#breadcrumb\",\"itemListElement\":[{\"@type\":\"ListItem\",\"position\":1,\"name\":\"Home\",\"item\":\"https:\\\/\\\/lindeboom.nl\\\/de\\\/\"},{\"@type\":\"ListItem\",\"position\":2,\"name\":\"Bierbrauer\"}]},{\"@type\":\"WebSite\",\"@id\":\"https:\\\/\\\/lindeboom.nl\\\/#website\",\"url\":\"https:\\\/\\\/lindeboom.nl\\\/\",\"name\":\"Lindeboom\",\"description\":\"&#039;t Bier van Hier\",\"publisher\":{\"@id\":\"https:\\\/\\\/lindeboom.nl\\\/#organization\"},\"potentialAction\":[{\"@type\":\"SearchAction\",\"target\":{\"@type\":\"EntryPoint\",\"urlTemplate\":\"https:\\\/\\\/lindeboom.nl\\\/?s={search_term_string}\"},\"query-input\":{\"@type\":\"PropertyValueSpecification\",\"valueRequired\":true,\"valueName\":\"search_term_string\"}}],\"inLanguage\":\"de\"},{\"@type\":\"Organization\",\"@id\":\"https:\\\/\\\/lindeboom.nl\\\/#organization\",\"name\":\"Lindeboom\",\"url\":\"https:\\\/\\\/lindeboom.nl\\\/\",\"logo\":{\"@type\":\"ImageObject\",\"inLanguage\":\"de\",\"@id\":\"https:\\\/\\\/lindeboom.nl\\\/#\\\/schema\\\/logo\\\/image\\\/\",\"url\":\"https:\\\/\\\/lindeboom.nl\\\/wp-content\\\/uploads\\\/2024\\\/01\\\/logo.svg\",\"contentUrl\":\"https:\\\/\\\/lindeboom.nl\\\/wp-content\\\/uploads\\\/2024\\\/01\\\/logo.svg\",\"caption\":\"Lindeboom\"},\"image\":{\"@id\":\"https:\\\/\\\/lindeboom.nl\\\/#\\\/schema\\\/logo\\\/image\\\/\"}}]}<\/script>\n<!-- \/ Yoast SEO plugin. -->","yoast_head_json":{"title":"Bierbrauer - Lindeboom Brauerei","description":"Treffen Sie die Brauer von Lindeboom. Lesen Sie \u00fcber ihre Leidenschaft und die Geschichten hinter den Brauprozessen. Kosten Sie die Liebe zum Bier!","robots":{"index":"index","follow":"follow","max-snippet":"max-snippet:-1","max-image-preview":"max-image-preview:large","max-video-preview":"max-video-preview:-1"},"canonical":"https:\/\/lindeboom.nl\/de\/brewers\/","og_locale":"de_DE","og_type":"article","og_title":"Bierbrauer - Lindeboom Brauerei","og_description":"Treffen Sie die Brauer von Lindeboom. Lesen Sie \u00fcber ihre Leidenschaft und die Geschichten hinter den Brauprozessen. Kosten Sie die Liebe zum Bier!","og_url":"https:\/\/lindeboom.nl\/de\/brewers\/","og_site_name":"Lindeboom","article_modified_time":"2025-07-08T12:09:49+00:00","og_image":[{"width":1200,"height":630,"url":"https:\/\/lindeboom.nl\/wp-content\/uploads\/2024\/08\/Brouwers-Lindeboom-Bierbrouwerij-1200x630-1.png","type":"image\/png"}],"twitter_card":"summary_large_image","twitter_misc":{"Gesch\u00e4tzte Lesezeit":"1\u00a0Minute"},"schema":{"@context":"https:\/\/schema.org","@graph":[{"@type":"WebPage","@id":"https:\/\/lindeboom.nl\/de\/brewers\/","url":"https:\/\/lindeboom.nl\/de\/brewers\/","name":"Bierbrauer - Lindeboom Brauerei","isPartOf":{"@id":"https:\/\/lindeboom.nl\/#website"},"primaryImageOfPage":{"@id":"https:\/\/lindeboom.nl\/de\/brewers\/#primaryimage"},"image":{"@id":"https:\/\/lindeboom.nl\/de\/brewers\/#primaryimage"},"thumbnailUrl":"https:\/\/lindeboom.nl\/wp-content\/uploads\/2024\/08\/Brouwers-Lindeboom-Bierbrouwerij-1200x630-1.png","datePublished":"2024-01-23T12:49:27+00:00","dateModified":"2025-07-08T12:09:49+00:00","description":"Treffen Sie die Brauer von Lindeboom. Lesen Sie \u00fcber ihre Leidenschaft und die Geschichten hinter den Brauprozessen. Kosten Sie die Liebe zum Bier!","breadcrumb":{"@id":"https:\/\/lindeboom.nl\/de\/brewers\/#breadcrumb"},"inLanguage":"de","potentialAction":[{"@type":"ReadAction","target":["https:\/\/lindeboom.nl\/de\/brewers\/"]}]},{"@type":"ImageObject","inLanguage":"de","@id":"https:\/\/lindeboom.nl\/de\/brewers\/#primaryimage","url":"https:\/\/lindeboom.nl\/wp-content\/uploads\/2024\/08\/Brouwers-Lindeboom-Bierbrouwerij-1200x630-1.png","contentUrl":"https:\/\/lindeboom.nl\/wp-content\/uploads\/2024\/08\/Brouwers-Lindeboom-Bierbrouwerij-1200x630-1.png","width":1200,"height":630},{"@type":"BreadcrumbList","@id":"https:\/\/lindeboom.nl\/de\/brewers\/#breadcrumb","itemListElement":[{"@type":"ListItem","position":1,"name":"Home","item":"https:\/\/lindeboom.nl\/de\/"},{"@type":"ListItem","position":2,"name":"Bierbrauer"}]},{"@type":"WebSite","@id":"https:\/\/lindeboom.nl\/#website","url":"https:\/\/lindeboom.nl\/","name":"Lindeboom","description":"&#039;t Bier van Hier","publisher":{"@id":"https:\/\/lindeboom.nl\/#organization"},"potentialAction":[{"@type":"SearchAction","target":{"@type":"EntryPoint","urlTemplate":"https:\/\/lindeboom.nl\/?s={search_term_string}"},"query-input":{"@type":"PropertyValueSpecification","valueRequired":true,"valueName":"search_term_string"}}],"inLanguage":"de"},{"@type":"Organization","@id":"https:\/\/lindeboom.nl\/#organization","name":"Lindeboom","url":"https:\/\/lindeboom.nl\/","logo":{"@type":"ImageObject","inLanguage":"de","@id":"https:\/\/lindeboom.nl\/#\/schema\/logo\/image\/","url":"https:\/\/lindeboom.nl\/wp-content\/uploads\/2024\/01\/logo.svg","contentUrl":"https:\/\/lindeboom.nl\/wp-content\/uploads\/2024\/01\/logo.svg","caption":"Lindeboom"},"image":{"@id":"https:\/\/lindeboom.nl\/#\/schema\/logo\/image\/"}}]}},"_links":{"self":[{"href":"https:\/\/lindeboom.nl\/de\/wp-json\/wp\/v2\/pages\/6059","targetHints":{"allow":["GET"]}}],"collection":[{"href":"https:\/\/lindeboom.nl\/de\/wp-json\/wp\/v2\/pages"}],"about":[{"href":"https:\/\/lindeboom.nl\/de\/wp-json\/wp\/v2\/types\/page"}],"author":[{"embeddable":true,"href":"https:\/\/lindeboom.nl\/de\/wp-json\/wp\/v2\/users\/1"}],"replies":[{"embeddable":true,"href":"https:\/\/lindeboom.nl\/de\/wp-json\/wp\/v2\/comments?post=6059"}],"version-history":[{"count":5,"href":"https:\/\/lindeboom.nl\/de\/wp-json\/wp\/v2\/pages\/6059\/revisions"}],"predecessor-version":[{"id":6434,"href":"https:\/\/lindeboom.nl\/de\/wp-json\/wp\/v2\/pages\/6059\/revisions\/6434"}],"wp:featuredmedia":[{"embeddable":true,"href":"https:\/\/lindeboom.nl\/de\/wp-json\/wp\/v2\/media\/6064"}],"wp:attachment":[{"href":"https:\/\/lindeboom.nl\/de\/wp-json\/wp\/v2\/media?parent=6059"}],"curies":[{"name":"wp","href":"https:\/\/api.w.org\/{rel}","templated":true}]}}